{"id":113,"date":"2021-10-03T10:58:13","date_gmt":"2021-10-03T10:58:13","guid":{"rendered":"http:\/\/192.168.56.111\/?page_id=113"},"modified":"2024-07-26T19:20:23","modified_gmt":"2024-07-26T17:20:23","slug":"izglitibas-programmas","status":"publish","type":"page","link":"https:\/\/www.smardesskola.lv\/?page_id=113","title":{"rendered":"Izgl\u012bt\u012bbas programmas"},"content":{"rendered":"\n<figure class=\"wp-block-image size-large is-resized is-style-rounded\"><img loading=\"lazy\" decoding=\"async\" width=\"1024\" height=\"683\" src=\"https:\/\/www.smardesskola.lv\/wp-content\/uploads\/2024\/07\/EAF_9416-1024x683.jpg\" alt=\"Skolot\u0101ji Zin\u012bbu dien\u0101\" class=\"wp-image-1943\" style=\"width:529px;height:auto\" srcset=\"https:\/\/www.smardesskola.lv\/wp-content\/uploads\/2024\/07\/EAF_9416-1024x683.jpg 1024w, https:\/\/www.smardesskola.lv\/wp-content\/uploads\/2024\/07\/EAF_9416-300x200.jpg 300w, https:\/\/www.smardesskola.lv\/wp-content\/uploads\/2024\/07\/EAF_9416-768x512.jpg 768w, https:\/\/www.smardesskola.lv\/wp-content\/uploads\/2024\/07\/EAF_9416-1536x1024.jpg 1536w, https:\/\/www.smardesskola.lv\/wp-content\/uploads\/2024\/07\/EAF_9416-2048x1366.jpg 2048w\" sizes=\"auto, (max-width: 1024px) 100vw, 1024px\" \/><figcaption class=\"wp-element-caption\">Foto E.Andersons<\/figcaption><\/figure>\n\n\n\n<div style=\"height:22px\" aria-hidden=\"true\" class=\"wp-block-spacer\"><\/div>\n\n\n\n<p><strong>Sm\u0101rdes pamatskol\u0101 tiek \u012bstenotas divas izgl\u012bt\u012bbas programmas:<\/strong><\/p>\n\n\n\n<div style=\"height:22px\" aria-hidden=\"true\" class=\"wp-block-spacer\"><\/div>\n\n\n\n<p><strong><mark style=\"background-color:rgba(0, 0, 0, 0);color:#08a34e\" class=\"has-inline-color\">a) pamatizgl\u012bt\u012bbas programma (kods 21011111);<br>b) speci\u0101l\u0101s pamatizgl\u012bt\u012bbas programma skol\u0113niem ar m\u0101c\u012b\u0161an\u0101s trauc\u0113jumiem (kods 21015611).<\/mark><\/strong><\/p>\n\n\n\n<div style=\"height:17px\" aria-hidden=\"true\" class=\"wp-block-spacer\"><\/div>\n\n\n\n<p>Skol\u0101 jau ierasts, ka skol\u0113ni, beidzot 9.klasi, sp\u0113j sasniegt savus t\u0101l\u0101k\u0101s m\u0101c\u012b\u0161an\u0101s m\u0113r\u0137us &#8211; gan visp\u0101r\u0113j\u0101 vid\u0113j\u0101 izgl\u012bt\u012bb\u0101 (tai skait\u0101 valsts \u0123imn\u0101zij\u0101s), gan profesion\u0101laj\u0101 izgl\u012bt\u012bb\u0101. Eks\u0101menu rezult\u0101ti p\u0101rsniedz vid\u0113jos valsts r\u0101d\u012bt\u0101jus. Ang\u013cu valod\u0101 tie skol\u0113ni, kuri izr\u0101da interesi un gatav\u012bbu m\u0101c\u012bties vair\u0101k, ar \u013coti augstiem rezult\u0101tiem nok\u0101rto ar\u012b starptautisko Kembrid\u017eas eks\u0101menu.<\/p>\n\n\n\n<div style=\"height:19px\" aria-hidden=\"true\" class=\"wp-block-spacer\"><\/div>\n\n\n\n<p>Lai \u012bstenotu speci\u0101l\u0101s pamatizgl\u012bt\u012bbas programmu, skol\u0101 str\u0101d\u0101 atbalsta person\u0101ls (logop\u0113ds, psihologs, soci\u0101lais pedagogs, pedagoga pal\u012bgi). Skolot\u0101ji ir apguvu\u0161i atbilsto\u0161us profesion\u0101l\u0101s pilnveides kursus. Atbilsto\u0161i nepiecie\u0161am\u012bbai tiek veikta skol\u0113nu sp\u0113ju un vajadz\u012bbu izp\u0113te.<\/p>\n\n\n\n<div style=\"height:18px\" aria-hidden=\"true\" class=\"wp-block-spacer\"><\/div>\n\n\n\n<p>Lai kvalitat\u012bvi \u012bstenotu izgl\u012bt\u012bbas programmu saturu atbilsto\u0161i jaun\u0101kaj\u0101m pras\u012bb\u0101m, skola darboj\u0101s k\u0101 pilotskola uz lietprat\u012bbu v\u0113rst\u0101 m\u0101c\u012bbu satura ievie\u0161an\u0101. Paral\u0113li tam notika sadarb\u012bba ar LU Starpnozaru izgl\u012bt\u012bbas inov\u0101ciju centru. <\/p>\n\n\n\n<div style=\"height:15px\" aria-hidden=\"true\" class=\"wp-block-spacer\"><\/div>\n\n\n\n<p>Vair\u0101ki skolot\u0101ji ir apguvu\u0161i m\u0101c\u012b\u0161an\u0101s konsultanta prasmes, lai sniegtu atbalstu kol\u0113\u0123iem skol\u0101 un \u0101rpus t\u0101s. <\/p>\n\n\n\n<div class=\"wp-block-media-text is-stacked-on-mobile is-style-rounded\" style=\"grid-template-columns:15% auto\"><figure class=\"wp-block-media-text__media\"><img loading=\"lazy\" decoding=\"async\" width=\"683\" height=\"1024\" src=\"https:\/\/www.smardesskola.lv\/wp-content\/uploads\/2024\/07\/EAF_9337-683x1024.jpg\" alt=\"Skolot\u0101js J\u0101nis \u010cilip\u0101ns\" class=\"wp-image-1963 size-full\" srcset=\"https:\/\/www.smardesskola.lv\/wp-content\/uploads\/2024\/07\/EAF_9337-683x1024.jpg 683w, https:\/\/www.smardesskola.lv\/wp-content\/uploads\/2024\/07\/EAF_9337-200x300.jpg 200w, https:\/\/www.smardesskola.lv\/wp-content\/uploads\/2024\/07\/EAF_9337-768x1152.jpg 768w, https:\/\/www.smardesskola.lv\/wp-content\/uploads\/2024\/07\/EAF_9337-1024x1536.jpg 1024w, https:\/\/www.smardesskola.lv\/wp-content\/uploads\/2024\/07\/EAF_9337-1366x2048.jpg 1366w, https:\/\/www.smardesskola.lv\/wp-content\/uploads\/2024\/07\/EAF_9337-scaled.jpg 1707w\" sizes=\"auto, (max-width: 683px) 100vw, 683px\" \/><\/figure><div class=\"wp-block-media-text__content\">\n<p>In\u017eenierzin\u012bbu skolot\u0101js J\u0101nis \u010cilip\u0101ns ir izstr\u0101d\u0101jis un 2020.\/2021.m.g. nofilm\u0113jis divpadsmit stundas <a href=\"http:\/\/www.tavaklase.lv\" target=\"_blank\" rel=\"noreferrer noopener\">tavaklase.lv<\/a>, sniedzot atbalstu skolot\u0101jiem valsts l\u012bmen\u012b, k\u0101 ar\u012b sagatavojis izdo\u0161anai in\u017eenierzin\u012bbu m\u0101c\u012bbu l\u012bdzek\u013cus.<\/p>\n<\/div><\/div>\n\n\n\n<p><\/p>\n\n\n\n<p><\/p>\n","protected":false},"excerpt":{"rendered":"<p>Sm\u0101rdes pamatskol\u0101 tiek \u012bstenotas divas izgl\u012bt\u012bbas programmas: a) pamatizgl\u012bt\u012bbas programma (kods 21011111);b) speci\u0101l\u0101s pamatizgl\u012bt\u012bbas programma skol\u0113niem ar m\u0101c\u012b\u0161an\u0101s trauc\u0113jumiem (kods 21015611). Skol\u0101 jau ierasts, ka skol\u0113ni, beidzot 9.klasi, sp\u0113j sasniegt savus t\u0101l\u0101k\u0101s m\u0101c\u012b\u0161an\u0101s m\u0113r\u0137us &#8211; gan visp\u0101r\u0113j\u0101 vid\u0113j\u0101 izgl\u012bt\u012bb\u0101 (tai skait\u0101 valsts \u0123imn\u0101zij\u0101s), gan profesion\u0101laj\u0101 izgl\u012bt\u012bb\u0101. Eks\u0101menu rezult\u0101ti p\u0101rsniedz vid\u0113jos valsts r\u0101d\u012bt\u0101jus. Ang\u013cu valod\u0101 tie<a class=\"moretag\" href=\"https:\/\/www.smardesskola.lv\/?page_id=113\"> Las\u012bt vair\u0101k&#8230;<\/a><\/p>\n","protected":false},"author":1,"featured_media":0,"parent":0,"menu_order":0,"comment_status":"closed","ping_status":"closed","template":"","meta":{"ngg_post_thumbnail":0,"footnotes":""},"class_list":["post-113","page","type-page","status-publish","hentry"],"_links":{"self":[{"href":"https:\/\/www.smardesskola.lv\/index.php?rest_route=\/wp\/v2\/pages\/113","targetHints":{"allow":["GET"]}}],"collection":[{"href":"https:\/\/www.smardesskola.lv\/index.php?rest_route=\/wp\/v2\/pages"}],"about":[{"href":"https:\/\/www.smardesskola.lv\/index.php?rest_route=\/wp\/v2\/types\/page"}],"author":[{"embeddable":true,"href":"https:\/\/www.smardesskola.lv\/index.php?rest_route=\/wp\/v2\/users\/1"}],"replies":[{"embeddable":true,"href":"https:\/\/www.smardesskola.lv\/index.php?rest_route=%2Fwp%2Fv2%2Fcomments&post=113"}],"version-history":[{"count":14,"href":"https:\/\/www.smardesskola.lv\/index.php?rest_route=\/wp\/v2\/pages\/113\/revisions"}],"predecessor-version":[{"id":1966,"href":"https:\/\/www.smardesskola.lv\/index.php?rest_route=\/wp\/v2\/pages\/113\/revisions\/1966"}],"wp:attachment":[{"href":"https:\/\/www.smardesskola.lv\/index.php?rest_route=%2Fwp%2Fv2%2Fmedia&parent=113"}],"curies":[{"name":"wp","href":"https:\/\/api.w.org\/{rel}","templated":true}]}}