{"id":156,"date":"2021-10-03T12:27:07","date_gmt":"2021-10-03T12:27:07","guid":{"rendered":"http:\/\/192.168.56.111\/?page_id=156"},"modified":"2026-02-02T14:17:28","modified_gmt":"2026-02-02T12:17:28","slug":"dokumenti","status":"publish","type":"page","link":"https:\/\/www.smardesskola.lv\/?page_id=156","title":{"rendered":"Dokumenti"},"content":{"rendered":"\n<figure class=\"wp-block-image size-large is-resized is-style-rounded\"><img loading=\"lazy\" decoding=\"async\" width=\"1024\" height=\"461\" src=\"http:\/\/www.smardesskola.lv\/wp-content\/uploads\/2023\/04\/317079167_205407435180663_1365396990391598038_n-1024x461.jpg\" alt=\"Seno laiku ar roku rakst\u012bti dokumenti\" class=\"wp-image-1389\" style=\"width:488px;height:auto\" srcset=\"https:\/\/www.smardesskola.lv\/wp-content\/uploads\/2023\/04\/317079167_205407435180663_1365396990391598038_n-1024x461.jpg 1024w, https:\/\/www.smardesskola.lv\/wp-content\/uploads\/2023\/04\/317079167_205407435180663_1365396990391598038_n-300x135.jpg 300w, https:\/\/www.smardesskola.lv\/wp-content\/uploads\/2023\/04\/317079167_205407435180663_1365396990391598038_n-768x345.jpg 768w, https:\/\/www.smardesskola.lv\/wp-content\/uploads\/2023\/04\/317079167_205407435180663_1365396990391598038_n.jpg 1423w\" sizes=\"auto, (max-width: 1024px) 100vw, 1024px\" \/><figcaption class=\"wp-element-caption\">Foto I.Upatniece<\/figcaption><\/figure>\n\n\n\n<ul class=\"wp-block-list\">\n<li><a rel=\"noreferrer noopener\" href=\"http:\/\/www.smardesskola.lv\/wp-content\/uploads\/2022\/03\/Smarde_Nolikums_2021.pdf\" target=\"_blank\">Sm\u0101rdes pamatskolas nolikums<\/a><\/li>\n\n\n\n<li><a href=\"http:\/\/www.smardesskola.lv\/wp-content\/uploads\/2024\/09\/Ieksejas_kart_noteikumi_28.08.2024.pdf\">Iek\u0161\u0113j\u0101s k\u0101rt\u012bbas noteikumi<\/a><\/li>\n\n\n\n<li><a href=\"http:\/\/www.smardesskola.lv\/wp-content\/uploads\/2025\/11\/Nr_19-Kartiba_spec_vaj_noteik_un-individuala-plana-izveidei_docx-2.pdf\">K\u0101rt\u012bba izgl\u012btojamo speci\u0101lo vajadz\u012bbunoteik\u0161anai un individu\u0101lo izgl\u012bt\u012bbas programmas apguves pl\u0101nu izstr\u0101dei un \u012bsteno\u0161anai<\/a><\/li>\n\n\n\n<li><a href=\"http:\/\/www.smardesskola.lv\/wp-content\/uploads\/2023\/03\/Darba-kartibas-noteik-2022.pdf\">Darba k\u0101rt\u012bbas noteikumi<\/a><\/li>\n\n\n\n<li><a href=\"http:\/\/www.smardesskola.lv\/wp-content\/uploads\/2024\/09\/vertesana_2024_fin.pdf\">V\u0113rt\u0113\u0161anas k\u0101rt\u012bba<\/a><\/li>\n\n\n\n<li><a href=\"http:\/\/www.smardesskola.lv\/wp-content\/uploads\/2026\/01\/Pasnovertejuma-zinojums-2024_2025.pdf\">Sm\u0101rdes pamatskolas pa\u0161nov\u0113rt\u0113juma zi\u0146ojums 2024.\/2025. m.g.<\/a><\/li>\n\n\n\n<li><a href=\"http:\/\/www.smardesskola.lv\/wp-content\/uploads\/2024\/09\/Attistibas-plans-2023-2026-AKTUALIZETS-2024.pdf\">Att\u012bst\u012bbas pl\u0101ns 2023-2026<\/a><\/li>\n\n\n\n<li><a href=\"http:\/\/www.smardesskola.lv\/wp-content\/uploads\/2024\/09\/Audzinasanas-programma-2022-2026-1.pdf\">Audzin\u0101\u0161anas programma<\/a><\/li>\n\n\n\n<li><a href=\"http:\/\/www.smardesskola.lv\/wp-content\/uploads\/2022\/07\/Personas_Datu_APstrade.pdf\">Tukuma novada pa\u0161vald\u012bbas Personas datu apstr\u0101des noteikumi<\/a><\/li>\n\n\n\n<li><a href=\"http:\/\/www.smardesskola.lv\/wp-content\/uploads\/2022\/08\/Nepiederosu_personu_uzturesanas_kartiba_31.08.2022.pdf\">K\u0101rt\u012bba, k\u0101d\u0101 iest\u0101d\u0113 uzturas izgl\u012btojamo vec\u0101ki un citas personas<\/a><\/li>\n\n\n\n<li><a href=\"http:\/\/www.smardesskola.lv\/wp-content\/uploads\/2023\/08\/Bernu_sudzibu_kartiba_31.08.2022.pdf\">B\u0113rnu s\u016bdz\u012bbu iesnieg\u0161anas un izskat\u012b\u0161anas k\u0101rt\u012bba<\/a><\/li>\n\n\n\n<li><a href=\"http:\/\/www.smardesskola.lv\/wp-content\/uploads\/2023\/08\/Attalinato_macibu_kartiba_15.08.2023.pdf\">Att\u0101lin\u0101to m\u0101c\u012bbu organiz\u0113\u0161anas k\u0101rt\u012bba<\/a><\/li>\n\n\n\n<li><a href=\"http:\/\/www.smardesskola.lv\/wp-content\/uploads\/2024\/12\/Skolas_padomes_reglaments.pdf\">Izgl\u012bt\u012bbas iest\u0101des padomes reglaments<\/a><\/li>\n<\/ul>\n\n\n\n<p><\/p>\n","protected":false},"excerpt":{"rendered":"","protected":false},"author":1,"featured_media":0,"parent":0,"menu_order":0,"comment_status":"closed","ping_status":"closed","template":"","meta":{"ngg_post_thumbnail":0,"footnotes":""},"class_list":["post-156","page","type-page","status-publish","hentry"],"_links":{"self":[{"href":"https:\/\/www.smardesskola.lv\/index.php?rest_route=\/wp\/v2\/pages\/156","targetHints":{"allow":["GET"]}}],"collection":[{"href":"https:\/\/www.smardesskola.lv\/index.php?rest_route=\/wp\/v2\/pages"}],"about":[{"href":"https:\/\/www.smardesskola.lv\/index.php?rest_route=\/wp\/v2\/types\/page"}],"author":[{"embeddable":true,"href":"https:\/\/www.smardesskola.lv\/index.php?rest_route=\/wp\/v2\/users\/1"}],"replies":[{"embeddable":true,"href":"https:\/\/www.smardesskola.lv\/index.php?rest_route=%2Fwp%2Fv2%2Fcomments&post=156"}],"version-history":[{"count":54,"href":"https:\/\/www.smardesskola.lv\/index.php?rest_route=\/wp\/v2\/pages\/156\/revisions"}],"predecessor-version":[{"id":2878,"href":"https:\/\/www.smardesskola.lv\/index.php?rest_route=\/wp\/v2\/pages\/156\/revisions\/2878"}],"wp:attachment":[{"href":"https:\/\/www.smardesskola.lv\/index.php?rest_route=%2Fwp%2Fv2%2Fmedia&parent=156"}],"curies":[{"name":"wp","href":"https:\/\/api.w.org\/{rel}","templated":true}]}}