{"id":159,"date":"2021-10-03T12:28:51","date_gmt":"2021-10-03T12:28:51","guid":{"rendered":"http:\/\/192.168.56.111\/?page_id=159"},"modified":"2024-07-26T19:48:04","modified_gmt":"2024-07-26T17:48:04","slug":"izglitibas-programma-pirmskola","status":"publish","type":"page","link":"https:\/\/www.smardesskola.lv\/?page_id=159","title":{"rendered":"Pirmsskolas izgl\u012bt\u012bbas programmas"},"content":{"rendered":"\n<figure class=\"wp-block-image size-full is-resized is-style-rounded\"><img loading=\"lazy\" decoding=\"async\" width=\"2560\" height=\"1707\" src=\"http:\/\/www.smardesskola.lv\/wp-content\/uploads\/2022\/09\/EAF_9007-scaled.jpg\" alt=\"Zin\u012bbu diena pirmsskol\u0101\" class=\"wp-image-988\" style=\"width:437px;height:auto\" srcset=\"https:\/\/www.smardesskola.lv\/wp-content\/uploads\/2022\/09\/EAF_9007-scaled.jpg 2560w, https:\/\/www.smardesskola.lv\/wp-content\/uploads\/2022\/09\/EAF_9007-300x200.jpg 300w, https:\/\/www.smardesskola.lv\/wp-content\/uploads\/2022\/09\/EAF_9007-1024x683.jpg 1024w, https:\/\/www.smardesskola.lv\/wp-content\/uploads\/2022\/09\/EAF_9007-768x512.jpg 768w, https:\/\/www.smardesskola.lv\/wp-content\/uploads\/2022\/09\/EAF_9007-1536x1024.jpg 1536w, https:\/\/www.smardesskola.lv\/wp-content\/uploads\/2022\/09\/EAF_9007-2048x1366.jpg 2048w\" sizes=\"auto, (max-width: 2560px) 100vw, 2560px\" \/><figcaption class=\"wp-element-caption\">Foto E.Andersons<\/figcaption><\/figure>\n\n\n\n<p><strong>Sm\u0101rdes pamatskol\u0101 tiek \u012bstenotas divas pirmsskolas izgl\u012bt\u012bbas programmas:<\/strong><br><strong><mark style=\"background-color:rgba(0, 0, 0, 0);color:#08a34e\" class=\"has-inline-color\">a) visp\u0101r\u0113j\u0101s pirmsskolas izgl\u012bt\u012bbas programma (kods 01011111);<br>b) speci\u0101l\u0101s pirmsskolas izgl\u012bt\u012bbas programma izgl\u012btojamajiem ar jauktiem att\u012bst\u012bbas trauc\u0113jumiem (kods 01015611).<\/mark><\/strong><\/p>\n\n\n\n<p>Darbs tiek nodro\u0161in\u0101ts pirmsskolas grup\u0101s atbilsto\u0161i pirmsskolas izgl\u012btojamo vecumam un sp\u0113k\u0101 eso\u0161ajiem noteikumiem par pirmsskolas izgl\u012bt\u012bbas vadl\u012bnij\u0101m.<\/p>\n\n\n\n<p>Inform\u0101cija par pirmsskolas satura apguvi noteikt\u0101 grup\u0101 vec\u0101kiem, kuru b\u0113rns apmekl\u0113 Sm\u0101rdes pamatskolas pirmsskolas grupas, pieejama elektroniskaj\u0101 \u017eurn\u0101l\u0101 <strong>e-klase<\/strong>.<\/p>\n\n\n\n<p><\/p>\n","protected":false},"excerpt":{"rendered":"<p>Sm\u0101rdes pamatskol\u0101 tiek \u012bstenotas divas pirmsskolas izgl\u012bt\u012bbas programmas:a) visp\u0101r\u0113j\u0101s pirmsskolas izgl\u012bt\u012bbas programma (kods 01011111);b) speci\u0101l\u0101s pirmsskolas izgl\u012bt\u012bbas programma izgl\u012btojamajiem ar jauktiem att\u012bst\u012bbas trauc\u0113jumiem (kods 01015611). Darbs tiek nodro\u0161in\u0101ts pirmsskolas grup\u0101s atbilsto\u0161i pirmsskolas izgl\u012btojamo vecumam un sp\u0113k\u0101 eso\u0161ajiem noteikumiem par pirmsskolas izgl\u012bt\u012bbas vadl\u012bnij\u0101m. Inform\u0101cija par pirmsskolas satura apguvi noteikt\u0101 grup\u0101 vec\u0101kiem, kuru b\u0113rns apmekl\u0113 Sm\u0101rdes pamatskolas<a class=\"moretag\" href=\"https:\/\/www.smardesskola.lv\/?page_id=159\"> Las\u012bt vair\u0101k&#8230;<\/a><\/p>\n","protected":false},"author":1,"featured_media":0,"parent":0,"menu_order":0,"comment_status":"closed","ping_status":"closed","template":"","meta":{"ngg_post_thumbnail":0,"footnotes":""},"class_list":["post-159","page","type-page","status-publish","hentry"],"_links":{"self":[{"href":"https:\/\/www.smardesskola.lv\/index.php?rest_route=\/wp\/v2\/pages\/159","targetHints":{"allow":["GET"]}}],"collection":[{"href":"https:\/\/www.smardesskola.lv\/index.php?rest_route=\/wp\/v2\/pages"}],"about":[{"href":"https:\/\/www.smardesskola.lv\/index.php?rest_route=\/wp\/v2\/types\/page"}],"author":[{"embeddable":true,"href":"https:\/\/www.smardesskola.lv\/index.php?rest_route=\/wp\/v2\/users\/1"}],"replies":[{"embeddable":true,"href":"https:\/\/www.smardesskola.lv\/index.php?rest_route=%2Fwp%2Fv2%2Fcomments&post=159"}],"version-history":[{"count":8,"href":"https:\/\/www.smardesskola.lv\/index.php?rest_route=\/wp\/v2\/pages\/159\/revisions"}],"predecessor-version":[{"id":1995,"href":"https:\/\/www.smardesskola.lv\/index.php?rest_route=\/wp\/v2\/pages\/159\/revisions\/1995"}],"wp:attachment":[{"href":"https:\/\/www.smardesskola.lv\/index.php?rest_route=%2Fwp%2Fv2%2Fmedia&parent=159"}],"curies":[{"name":"wp","href":"https:\/\/api.w.org\/{rel}","templated":true}]}}