{"id":162,"date":"2021-10-03T12:33:50","date_gmt":"2021-10-03T12:33:50","guid":{"rendered":"http:\/\/192.168.56.111\/?page_id=162"},"modified":"2025-03-24T13:21:28","modified_gmt":"2025-03-24T11:21:28","slug":"dokumenti-pirmsskola","status":"publish","type":"page","link":"https:\/\/www.smardesskola.lv\/?page_id=162","title":{"rendered":"Pirmsskolas dokumenti"},"content":{"rendered":"\n<figure class=\"wp-block-image size-large is-resized is-style-rounded\"><img loading=\"lazy\" decoding=\"async\" width=\"2048\" height=\"1152\" src=\"https:\/\/www.smardesskola.lv\/wp-content\/uploads\/2024\/07\/WhatsApp-Image-2023-01-31-at-10.44.48-4-edited.jpeg\" alt=\"Veidoti putni\" class=\"wp-image-1997\" style=\"width:383px;height:auto\" srcset=\"https:\/\/www.smardesskola.lv\/wp-content\/uploads\/2024\/07\/WhatsApp-Image-2023-01-31-at-10.44.48-4-edited.jpeg 2048w, https:\/\/www.smardesskola.lv\/wp-content\/uploads\/2024\/07\/WhatsApp-Image-2023-01-31-at-10.44.48-4-edited-300x169.jpeg 300w, https:\/\/www.smardesskola.lv\/wp-content\/uploads\/2024\/07\/WhatsApp-Image-2023-01-31-at-10.44.48-4-edited-1024x576.jpeg 1024w, https:\/\/www.smardesskola.lv\/wp-content\/uploads\/2024\/07\/WhatsApp-Image-2023-01-31-at-10.44.48-4-edited-768x432.jpeg 768w, https:\/\/www.smardesskola.lv\/wp-content\/uploads\/2024\/07\/WhatsApp-Image-2023-01-31-at-10.44.48-4-edited-1536x864.jpeg 1536w\" sizes=\"auto, (max-width: 2048px) 100vw, 2048px\" \/><\/figure>\n\n\n\n<ul class=\"wp-block-list\">\n<li><a href=\"http:\/\/www.smardesskola.lv\/wp-content\/uploads\/2023\/03\/Ieksejas-kartibas-noteikumi-pirmsskolas-grupas_31.08.2022.pdf\" data-type=\"URL\" data-id=\"http:\/\/www.smardesskola.lv\/wp-content\/uploads\/2023\/03\/Ieksejas-kartibas-noteikumi-pirmsskolas-grupas_31.08.2022.pdf\">Iek\u0161\u0113j\u0101s k\u0101rt\u012bbas noteikumi Sm\u0101rdes pamatskolas pirmsskolas grup\u0101s<\/a><\/li>\n\n\n\n<li><a href=\"http:\/\/www.smardesskola.lv\/wp-content\/uploads\/2024\/09\/vertesana_2024_fin.pdf\">V\u0113rt\u0113\u0161anas k\u0101rt\u012bba<\/a><\/li>\n\n\n\n<li><a href=\"http:\/\/www.smardesskola.lv\/wp-content\/uploads\/2022\/08\/Nepiederosu_personu_uzturesanas_kartiba_31.08.2022.pdf\">K\u0101rt\u012bba, k\u0101d\u0101 iest\u0101d\u0113 uzturas izgl\u012btojamo vec\u0101ki un citas personas<\/a><\/li>\n\n\n\n<li><a href=\"http:\/\/www.smardesskola.lv\/wp-content\/uploads\/2024\/09\/Audzinasanas-programma-2022-2026-1.pdf\">Audzin\u0101\u0161anas programma<\/a><\/li>\n<\/ul>\n\n\n\n<div style=\"height:56px\" aria-hidden=\"true\" class=\"wp-block-spacer\"><\/div>\n\n\n\n<ul class=\"wp-block-list\">\n<li><a rel=\"noreferrer noopener\" href=\"http:\/\/www.smardesskola.lv\/wp-content\/uploads\/2022\/03\/noteikumi_PII_1.pdf\" target=\"_blank\">Tukuma novada pa\u0161vald\u012bbas saisto\u0161ie noteikumi par pirmsskolas izgl\u012bt\u012bbu<\/a><\/li>\n\n\n\n<li><a href=\"http:\/\/www.smardesskola.lv\/wp-content\/uploads\/2022\/03\/Komisijas_nolikums.pdf\" target=\"_blank\" rel=\"noreferrer noopener\">Pirmsskolas vecuma b\u0113rnu uz\u0146em\u0161anai izgl\u012bt\u012bbas iest\u0101d\u0113 komisijas nolikums<\/a><\/li>\n\n\n\n<li><a href=\"http:\/\/www.smardesskola.lv\/wp-content\/uploads\/2022\/07\/Personas_Datu_APstrade.pdf\">Tukuma novada pa\u0161vald\u012bbas Personas datu apstr\u0101des noteikumi<\/a><\/li>\n<\/ul>\n\n\n\n<div style=\"height:14px\" aria-hidden=\"true\" class=\"wp-block-spacer\"><\/div>\n\n\n\n<p><em>Aktu\u0101l\u0101s dokumentu redakcijas skat. <a rel=\"noreferrer noopener\" href=\"https:\/\/www.tip.edu.lv\/lv\/pirmsskolas-vecuma-bernu-rinda\" target=\"_blank\">Izgl\u012bt\u012bbas p\u0101rvaldes t\u012bmek\u013ca vietn\u0113<\/a>.<\/em><\/p>\n\n\n\n<p><\/p>\n","protected":false},"excerpt":{"rendered":"<p>Aktu\u0101l\u0101s dokumentu redakcijas skat. Izgl\u012bt\u012bbas p\u0101rvaldes t\u012bmek\u013ca vietn\u0113.<\/p>\n","protected":false},"author":1,"featured_media":0,"parent":0,"menu_order":0,"comment_status":"closed","ping_status":"closed","template":"","meta":{"ngg_post_thumbnail":0,"footnotes":""},"class_list":["post-162","page","type-page","status-publish","hentry"],"_links":{"self":[{"href":"https:\/\/www.smardesskola.lv\/index.php?rest_route=\/wp\/v2\/pages\/162","targetHints":{"allow":["GET"]}}],"collection":[{"href":"https:\/\/www.smardesskola.lv\/index.php?rest_route=\/wp\/v2\/pages"}],"about":[{"href":"https:\/\/www.smardesskola.lv\/index.php?rest_route=\/wp\/v2\/types\/page"}],"author":[{"embeddable":true,"href":"https:\/\/www.smardesskola.lv\/index.php?rest_route=\/wp\/v2\/users\/1"}],"replies":[{"embeddable":true,"href":"https:\/\/www.smardesskola.lv\/index.php?rest_route=%2Fwp%2Fv2%2Fcomments&post=162"}],"version-history":[{"count":33,"href":"https:\/\/www.smardesskola.lv\/index.php?rest_route=\/wp\/v2\/pages\/162\/revisions"}],"predecessor-version":[{"id":2489,"href":"https:\/\/www.smardesskola.lv\/index.php?rest_route=\/wp\/v2\/pages\/162\/revisions\/2489"}],"wp:attachment":[{"href":"https:\/\/www.smardesskola.lv\/index.php?rest_route=%2Fwp%2Fv2%2Fmedia&parent=162"}],"curies":[{"name":"wp","href":"https:\/\/api.w.org\/{rel}","templated":true}]}}