{"id":1837,"date":"2024-01-24T10:09:32","date_gmt":"2024-01-24T08:09:32","guid":{"rendered":"https:\/\/www.smardesskola.lv\/?page_id=1837"},"modified":"2024-10-17T13:24:17","modified_gmt":"2024-10-17T11:24:17","slug":"pieklustamibas-pazinojums","status":"publish","type":"page","link":"https:\/\/www.smardesskola.lv\/?page_id=1837","title":{"rendered":"Piek\u013c\u016bstam\u012bbas pazi\u0146ojums"},"content":{"rendered":"\n<p>Sm\u0101rdes pamatskola&nbsp;saska\u0146\u0101 ar Ministru kabineta 2020. gada 14. j\u016blija noteikumiem Nr. 445 \u201cK\u0101rt\u012bba, k\u0101d\u0101 iest\u0101des ievieto inform\u0101ciju internet\u0101\u201d (turpm\u0101k \u2013 noteikumi Nr. 445) ap\u0146emas savu&nbsp;t\u012bmek\u013cvietni&nbsp;veidot piek\u013c\u016bstamu.<\/p>\n\n\n\n<p>\u0160is piek\u013c\u016bstam\u012bbas pazi\u0146ojums attiecas uz Sm\u0101rdes pamatskolu &#8211; <a href=\"http:\/\/www.smardesskola.lv\">www.smardesskola.lv<\/a><\/p>\n\n\n\n<p>T\u012bmek\u013cvietnei&nbsp;veikts&nbsp;vienk\u0101r\u0161otais izv\u0113rt\u0113jums. Izmantot\u0101 metode \u2013&nbsp;VARAM sagatavotais &#8220;T\u012bmek\u013cvietnes izv\u0113rt\u0113jums atbilsto\u0161i digit\u0101l\u0101s vides piek\u013c\u016bstam\u012bbas pras\u012bb\u0101m (WCAG 2.1 AA)&#8221;.<\/p>\n\n\n\n<p><a href=\"http:\/\/www.smardesskola.lv\/wp-content\/uploads\/2024\/10\/Izvertejums-17.10.2024.pdf\">Izv\u0113rt\u0113jumu apliecino\u0161s dokuments.<\/a><\/p>\n\n\n\n<h3 class=\"wp-block-heading\">Atbilst\u012bbas statuss<\/h3>\n\n\n\n<p>T\u012bmek\u013cvietne da\u013c\u0113ji atbilst MK noteikumiem Nr. 445&nbsp;turpm\u0101k min\u0113to iemeslu d\u0113\u013c:<\/p>\n\n\n\n<ul id=\"a11y-non-compliance-list\" class=\"wp-block-list\">\n<li>nav pievienota programmat\u016bra, lai var\u0113tu lietot bez redzes uztveres (rada nesam\u0113r\u012bgu slogu);<\/li>\n\n\n\n<li>nav pievienota iesp\u0113ja lietot ar balsi (rada nesam\u0113r\u012bgu slogu);<\/li>\n\n\n\n<li>nav ievietoti subtitri vai teksta alternat\u012bva video saturam.<\/li>\n<\/ul>\n\n\n\n<p>\u0160\u012b&nbsp;t\u012bmek\u013cvietne&nbsp;p\u0113d\u0113jo reizi tika izv\u0113rt\u0113ta&nbsp;17.10.2024.&nbsp;Izv\u0113rt\u0113\u0161anu veica&nbsp;Inga Upatniece.<\/p>\n\n\n\n<h3 class=\"wp-block-heading\">Piek\u013c\u016bstam\u012bbas alternat\u012bvas:<\/h3>\n\n\n\n<p>Lai sa\u0146emtu saturu, kas \u0161obr\u012bd nav piek\u013c\u016bstams, cit\u0101 form\u0101t\u0101, pied\u0101v\u0101jam sazin\u0101ties, rakstot uz smardesskola@tukums.lv.<\/p>\n\n\n\n<h3 class=\"wp-block-heading\">Atsauksm\u0113m un sazi\u0146ai:<\/h3>\n\n\n\n<p>M\u0113s cen\u0161amies uzlabot \u0161\u012bs&nbsp;t\u012bmek\u013cvietnes&nbsp;piek\u013c\u016bstam\u012bbu.<\/p>\n\n\n\n<p>Ja J\u016bs konstat\u0113jat k\u0101das probl\u0113mas vai nepiln\u012bbas, kas nav min\u0113tas \u0161aj\u0101 pazi\u0146ojum\u0101, vai v\u0113laties sa\u0146emt nepiek\u013c\u016bstamo saturu cit\u0101 form\u0101t\u0101, sazinieties ar mums:<\/p>\n\n\n\n<p>E-past\u0101: smardesskola@tukums.lv<\/p>\n\n\n\n<p>Tel. 24207283<\/p>\n\n\n\n<p>M\u0113s izskat\u012bsim J\u016bsu piepras\u012bjumu un sniegsim atbildi&nbsp;30 darba dienu laik\u0101.<\/p>\n\n\n\n<h3 class=\"wp-block-heading\">S\u016bdz\u012bbu iesnieg\u0161ana:<\/h3>\n\n\n\n<p>Inga Upatniece, direktore, e-pasts inga.upatniece@tukums.lv<\/p>\n\n\n\n<p>Ja neesam atbilsto\u0161i rea\u0123\u0113ju\u0161i uz J\u016bsu iesniegumu vai s\u016bdz\u012bbu par&nbsp;t\u012bmek\u013cvietnes satura piek\u013c\u016bstam\u012bbu, Jums ir iesp\u0113ja iesniegt s\u016bdz\u012bbu Latvijas Republikas Ties\u012bbsargam:<\/p>\n\n\n\n<p>Ties\u012bbsarga birojs: Bazn\u012bcas iela 25 R\u012bg\u0101, LV-1010<\/p>\n\n\n\n<p>T\u0101lrunis: 67686768<\/p>\n\n\n\n<p>E-pasts:&nbsp;tiesibsargs@tiesibsargs.lv<\/p>\n\n\n\n<h3 class=\"wp-block-heading\">Zi\u0146as par pazi\u0146ojuma sagatavo\u0161anu:<\/h3>\n\n\n\n<p>\u0160is pazi\u0146ojums pirmo reizi tika sagatavots&nbsp;25.09.2023. un atk\u0101rtoti p\u0101rskat\u012bts&nbsp;24.01.2024., 26.07.2024., 12.09.2024., 17.10.2024.<\/p>\n\n\n\n<p>\u0160o pazi\u0146ojumu apstiprin\u0101ja direktore&nbsp;Inga Upatniece.<\/p>\n","protected":false},"excerpt":{"rendered":"<p>Sm\u0101rdes pamatskola&nbsp;saska\u0146\u0101 ar Ministru kabineta 2020. gada 14. j\u016blija noteikumiem Nr. 445 \u201cK\u0101rt\u012bba, k\u0101d\u0101 iest\u0101des ievieto inform\u0101ciju internet\u0101\u201d (turpm\u0101k \u2013 noteikumi Nr. 445) ap\u0146emas savu&nbsp;t\u012bmek\u013cvietni&nbsp;veidot piek\u013c\u016bstamu. \u0160is piek\u013c\u016bstam\u012bbas pazi\u0146ojums attiecas uz Sm\u0101rdes pamatskolu &#8211; www.smardesskola.lv T\u012bmek\u013cvietnei&nbsp;veikts&nbsp;vienk\u0101r\u0161otais izv\u0113rt\u0113jums. Izmantot\u0101 metode \u2013&nbsp;VARAM sagatavotais &#8220;T\u012bmek\u013cvietnes izv\u0113rt\u0113jums atbilsto\u0161i digit\u0101l\u0101s vides piek\u013c\u016bstam\u012bbas pras\u012bb\u0101m (WCAG 2.1 AA)&#8221;. Izv\u0113rt\u0113jumu apliecino\u0161s dokuments. Atbilst\u012bbas<a class=\"moretag\" href=\"https:\/\/www.smardesskola.lv\/?page_id=1837\"> Las\u012bt vair\u0101k&#8230;<\/a><\/p>\n","protected":false},"author":1,"featured_media":0,"parent":0,"menu_order":0,"comment_status":"closed","ping_status":"closed","template":"","meta":{"ngg_post_thumbnail":0,"footnotes":""},"class_list":["post-1837","page","type-page","status-publish","hentry"],"_links":{"self":[{"href":"https:\/\/www.smardesskola.lv\/index.php?rest_route=\/wp\/v2\/pages\/1837","targetHints":{"allow":["GET"]}}],"collection":[{"href":"https:\/\/www.smardesskola.lv\/index.php?rest_route=\/wp\/v2\/pages"}],"about":[{"href":"https:\/\/www.smardesskola.lv\/index.php?rest_route=\/wp\/v2\/types\/page"}],"author":[{"embeddable":true,"href":"https:\/\/www.smardesskola.lv\/index.php?rest_route=\/wp\/v2\/users\/1"}],"replies":[{"embeddable":true,"href":"https:\/\/www.smardesskola.lv\/index.php?rest_route=%2Fwp%2Fv2%2Fcomments&post=1837"}],"version-history":[{"count":5,"href":"https:\/\/www.smardesskola.lv\/index.php?rest_route=\/wp\/v2\/pages\/1837\/revisions"}],"predecessor-version":[{"id":2260,"href":"https:\/\/www.smardesskola.lv\/index.php?rest_route=\/wp\/v2\/pages\/1837\/revisions\/2260"}],"wp:attachment":[{"href":"https:\/\/www.smardesskola.lv\/index.php?rest_route=%2Fwp%2Fv2%2Fmedia&parent=1837"}],"curies":[{"name":"wp","href":"https:\/\/api.w.org\/{rel}","templated":true}]}}