{"id":1867,"date":"2024-07-26T16:31:45","date_gmt":"2024-07-26T14:31:45","guid":{"rendered":"https:\/\/www.smardesskola.lv\/?page_id=1867"},"modified":"2024-07-26T20:07:54","modified_gmt":"2024-07-26T18:07:54","slug":"darbibas-joma","status":"publish","type":"page","link":"https:\/\/www.smardesskola.lv\/?page_id=1867","title":{"rendered":"Darb\u012bbas joma"},"content":{"rendered":"\n<figure class=\"wp-block-image size-large is-resized is-style-rounded\"><img loading=\"lazy\" decoding=\"async\" width=\"1024\" height=\"683\" src=\"http:\/\/www.smardesskola.lv\/wp-content\/uploads\/2022\/09\/EAF_9055-1024x683.jpg\" alt=\"Zin\u012bbu dien\u0101 9.un 1.klases skol\u0113ni dodas uz norises vietu\" class=\"wp-image-989\" style=\"width:423px;height:auto\" srcset=\"https:\/\/www.smardesskola.lv\/wp-content\/uploads\/2022\/09\/EAF_9055-1024x683.jpg 1024w, https:\/\/www.smardesskola.lv\/wp-content\/uploads\/2022\/09\/EAF_9055-300x200.jpg 300w, https:\/\/www.smardesskola.lv\/wp-content\/uploads\/2022\/09\/EAF_9055-768x512.jpg 768w, https:\/\/www.smardesskola.lv\/wp-content\/uploads\/2022\/09\/EAF_9055-1536x1024.jpg 1536w, https:\/\/www.smardesskola.lv\/wp-content\/uploads\/2022\/09\/EAF_9055-2048x1366.jpg 2048w\" sizes=\"auto, (max-width: 1024px) 100vw, 1024px\" \/><figcaption class=\"wp-element-caption\">Foto E.Andersons<\/figcaption><\/figure>\n\n\n\n<div style=\"height:26px\" aria-hidden=\"true\" class=\"wp-block-spacer\"><\/div>\n\n\n\n<p>Visp\u0101r\u0113j\u0101s pamatizgl\u012bt\u012bbas un pirmsskolas izgl\u012bt\u012bbas iest\u0101de.<\/p>\n\n\n\n<div style=\"height:35px\" aria-hidden=\"true\" class=\"wp-block-spacer\"><\/div>\n\n\n\n<p><strong>Galven\u0101s funkcijas un uzdevumi<\/strong> &#8211; nodro\u0161in\u0101t kvalitat\u012bvu visp\u0101r\u0113jo izgl\u012bt\u012bbu, k\u0101 ar\u012b speci\u0101lo izgl\u012bt\u012bbu izgl\u012btojamiem ar m\u0101c\u012b\u0161an\u0101s trauc\u0113jumiem, veidot dro\u0161u un iek\u013caujo\u0161u skolas vidi, \u012bstenot audzin\u0101\u0161anas vadl\u012bnij\u0101s noteikto.<\/p>\n\n\n\n<div style=\"height:24px\" aria-hidden=\"true\" class=\"wp-block-spacer\"><\/div>\n\n\n\n<p>Izgl\u012bt\u012bbas iest\u0101dei ir saisto\u0161s \u0161\u0101ds politikas pl\u0101no\u0161anas dokuments:<\/p>\n\n\n\n<p><a href=\"https:\/\/likumi.lv\/ta\/id\/324332-par-izglitibas-attistibas-pamatnostadnem-20212027-gadam\"><strong>Izgl\u012bt\u012bbas att\u012bst\u012bbas pamatnost\u0101dnes 2021.-2027.gadam<\/strong><\/a><\/p>\n\n\n\n<p>Skolas att\u012bst\u012bbas pl\u0101ns tiek sast\u0101d\u012bts atbilsto\u0161i \u0161\u012bm pamatnost\u0101dn\u0113m. Izpildes atskaite las\u0101ma ikgad\u0113j\u0101 pa\u0161nov\u0113rt\u0113juma zi\u0146ojum\u0101.<\/p>\n\n\n\n<div style=\"height:25px\" aria-hidden=\"true\" class=\"wp-block-spacer\"><\/div>\n\n\n\n<p>Iest\u0101de darbojas viet\u0113j\u0101 un novada m\u0113rog\u0101. Valsts un starptautiska l\u012bme\u0146a sadarb\u012bba notiek projektu veid\u0101.<\/p>\n","protected":false},"excerpt":{"rendered":"<p>Visp\u0101r\u0113j\u0101s pamatizgl\u012bt\u012bbas un pirmsskolas izgl\u012bt\u012bbas iest\u0101de. Galven\u0101s funkcijas un uzdevumi &#8211; nodro\u0161in\u0101t kvalitat\u012bvu visp\u0101r\u0113jo izgl\u012bt\u012bbu, k\u0101 ar\u012b speci\u0101lo izgl\u012bt\u012bbu izgl\u012btojamiem ar m\u0101c\u012b\u0161an\u0101s trauc\u0113jumiem, veidot dro\u0161u un iek\u013caujo\u0161u skolas vidi, \u012bstenot audzin\u0101\u0161anas vadl\u012bnij\u0101s noteikto. Izgl\u012bt\u012bbas iest\u0101dei ir saisto\u0161s \u0161\u0101ds politikas pl\u0101no\u0161anas dokuments: Izgl\u012bt\u012bbas att\u012bst\u012bbas pamatnost\u0101dnes 2021.-2027.gadam Skolas att\u012bst\u012bbas pl\u0101ns tiek sast\u0101d\u012bts atbilsto\u0161i \u0161\u012bm pamatnost\u0101dn\u0113m. Izpildes atskaite<a class=\"moretag\" href=\"https:\/\/www.smardesskola.lv\/?page_id=1867\"> Las\u012bt vair\u0101k&#8230;<\/a><\/p>\n","protected":false},"author":1,"featured_media":0,"parent":0,"menu_order":0,"comment_status":"closed","ping_status":"closed","template":"","meta":{"ngg_post_thumbnail":0,"footnotes":""},"class_list":["post-1867","page","type-page","status-publish","hentry"],"_links":{"self":[{"href":"https:\/\/www.smardesskola.lv\/index.php?rest_route=\/wp\/v2\/pages\/1867","targetHints":{"allow":["GET"]}}],"collection":[{"href":"https:\/\/www.smardesskola.lv\/index.php?rest_route=\/wp\/v2\/pages"}],"about":[{"href":"https:\/\/www.smardesskola.lv\/index.php?rest_route=\/wp\/v2\/types\/page"}],"author":[{"embeddable":true,"href":"https:\/\/www.smardesskola.lv\/index.php?rest_route=\/wp\/v2\/users\/1"}],"replies":[{"embeddable":true,"href":"https:\/\/www.smardesskola.lv\/index.php?rest_route=%2Fwp%2Fv2%2Fcomments&post=1867"}],"version-history":[{"count":8,"href":"https:\/\/www.smardesskola.lv\/index.php?rest_route=\/wp\/v2\/pages\/1867\/revisions"}],"predecessor-version":[{"id":2011,"href":"https:\/\/www.smardesskola.lv\/index.php?rest_route=\/wp\/v2\/pages\/1867\/revisions\/2011"}],"wp:attachment":[{"href":"https:\/\/www.smardesskola.lv\/index.php?rest_route=%2Fwp%2Fv2%2Fmedia&parent=1867"}],"curies":[{"name":"wp","href":"https:\/\/api.w.org\/{rel}","templated":true}]}}