{"id":2280,"date":"2024-10-17T21:32:48","date_gmt":"2024-10-17T19:32:48","guid":{"rendered":"https:\/\/www.smardesskola.lv\/?page_id=2280"},"modified":"2025-03-24T13:51:10","modified_gmt":"2025-03-24T11:51:10","slug":"smardes-pamatskola","status":"publish","type":"page","link":"https:\/\/www.smardesskola.lv\/?page_id=2280","title":{"rendered":"Pamatskola"},"content":{"rendered":"\n<p style=\"font-size:24px\"><strong><a href=\"https:\/\/www.smardesskola.lv\/?page_id=55\">Inform\u0101cija par Sm\u0101rdes pamatskolu<\/a><\/strong><\/p>\n\n\n\n<p style=\"font-size:24px\"><strong><a href=\"https:\/\/www.smardesskola.lv\/?page_id=495\">Skolas priorit\u0101tes<\/a><\/strong><\/p>\n\n\n\n<p style=\"font-size:24px\"><strong><a href=\"https:\/\/www.smardesskola.lv\/?page_id=113\" data-type=\"link\" data-id=\"https:\/\/www.smardesskola.lv\/?page_id=113\">Izgl\u012bt\u012bbas programmas<\/a><\/strong><\/p>\n\n\n\n<p style=\"font-size:24px\"><strong><a href=\"https:\/\/www.smardesskola.lv\/?page_id=56\" data-type=\"link\" data-id=\"https:\/\/www.smardesskola.lv\/?page_id=56\">Karjeras izgl\u012bt\u012bba<\/a><\/strong><\/p>\n\n\n\n<p style=\"font-size:24px\"><strong><a href=\"https:\/\/www.smardesskola.lv\/?page_id=57\" data-type=\"link\" data-id=\"https:\/\/www.smardesskola.lv\/?page_id=57\">Projekti<\/a><\/strong><\/p>\n\n\n\n<p style=\"font-size:24px\"><strong><a href=\"https:\/\/www.smardesskola.lv\/?page_id=58\" data-type=\"link\" data-id=\"https:\/\/www.smardesskola.lv\/?page_id=58\">Uz\u0146em\u0161ana<\/a><\/strong><\/p>\n\n\n\n<p style=\"font-size:24px\"><strong><a href=\"https:\/\/www.smardesskola.lv\/?page_id=156\">Dokumenti<\/a><\/strong><\/p>\n\n\n\n<p style=\"font-size:24px\"><strong><a href=\"https:\/\/www.smardesskola.lv\/?page_id=59\" data-type=\"link\" data-id=\"https:\/\/www.smardesskola.lv\/?page_id=59\">Akredit\u0101cija<\/a><\/strong><\/p>\n\n\n\n<p><\/p>\n","protected":false},"excerpt":{"rendered":"<p>Inform\u0101cija par Sm\u0101rdes pamatskolu Skolas priorit\u0101tes Izgl\u012bt\u012bbas programmas Karjeras izgl\u012bt\u012bba Projekti Uz\u0146em\u0161ana Dokumenti Akredit\u0101cija<\/p>\n","protected":false},"author":1,"featured_media":0,"parent":0,"menu_order":0,"comment_status":"closed","ping_status":"closed","template":"","meta":{"ngg_post_thumbnail":0,"footnotes":""},"class_list":["post-2280","page","type-page","status-publish","hentry"],"_links":{"self":[{"href":"https:\/\/www.smardesskola.lv\/index.php?rest_route=\/wp\/v2\/pages\/2280","targetHints":{"allow":["GET"]}}],"collection":[{"href":"https:\/\/www.smardesskola.lv\/index.php?rest_route=\/wp\/v2\/pages"}],"about":[{"href":"https:\/\/www.smardesskola.lv\/index.php?rest_route=\/wp\/v2\/types\/page"}],"author":[{"embeddable":true,"href":"https:\/\/www.smardesskola.lv\/index.php?rest_route=\/wp\/v2\/users\/1"}],"replies":[{"embeddable":true,"href":"https:\/\/www.smardesskola.lv\/index.php?rest_route=%2Fwp%2Fv2%2Fcomments&post=2280"}],"version-history":[{"count":4,"href":"https:\/\/www.smardesskola.lv\/index.php?rest_route=\/wp\/v2\/pages\/2280\/revisions"}],"predecessor-version":[{"id":2518,"href":"https:\/\/www.smardesskola.lv\/index.php?rest_route=\/wp\/v2\/pages\/2280\/revisions\/2518"}],"wp:attachment":[{"href":"https:\/\/www.smardesskola.lv\/index.php?rest_route=%2Fwp%2Fv2%2Fmedia&parent=2280"}],"curies":[{"name":"wp","href":"https:\/\/api.w.org\/{rel}","templated":true}]}}