{"id":2297,"date":"2024-10-18T18:14:44","date_gmt":"2024-10-18T16:14:44","guid":{"rendered":"https:\/\/www.smardesskola.lv\/?page_id=2297"},"modified":"2026-01-29T13:04:11","modified_gmt":"2026-01-29T11:04:11","slug":"izglitibas-iestades-padome","status":"publish","type":"page","link":"https:\/\/www.smardesskola.lv\/?page_id=2297","title":{"rendered":"Izgl\u012bt\u012bbas iest\u0101des padome"},"content":{"rendered":"\n<figure class=\"wp-block-image size-large is-resized\"><img loading=\"lazy\" decoding=\"async\" width=\"1024\" height=\"837\" src=\"http:\/\/www.smardesskola.lv\/wp-content\/uploads\/2024\/07\/Uzlime-izgriezts-tikai-attels-245-x-3-cm-1-1024x837.png\" alt=\"\" class=\"wp-image-1918\" style=\"width:216px;height:auto\" srcset=\"https:\/\/www.smardesskola.lv\/wp-content\/uploads\/2024\/07\/Uzlime-izgriezts-tikai-attels-245-x-3-cm-1-1024x837.png 1024w, https:\/\/www.smardesskola.lv\/wp-content\/uploads\/2024\/07\/Uzlime-izgriezts-tikai-attels-245-x-3-cm-1-300x245.png 300w, https:\/\/www.smardesskola.lv\/wp-content\/uploads\/2024\/07\/Uzlime-izgriezts-tikai-attels-245-x-3-cm-1-768x628.png 768w, https:\/\/www.smardesskola.lv\/wp-content\/uploads\/2024\/07\/Uzlime-izgriezts-tikai-attels-245-x-3-cm-1.png 1048w\" sizes=\"auto, (max-width: 1024px) 100vw, 1024px\" \/><\/figure>\n\n\n\n<p>Saska\u0146\u0101 ar Izgl\u012bt\u012bbas likuma 31. pantu, skol\u0101 darbojas skolas padome. T\u0101s sast\u0101v\u0101 ir vec\u0101ku, pedagogu un skol\u0113nu p\u0101rst\u0101vji, skolas direktors, k\u0101 ar\u012b pa\u0161vald\u012bbas p\u0101rst\u0101vis &#8211; Sm\u0101rdes pagasta p\u0101rvaldes vad\u012bt\u0101js.<\/p>\n\n\n\n<p>Izgl\u012bt\u012bbas iest\u0101des padome:<\/p>\n\n\n\n<p><em>1) sniedz priek\u0161likumus izgl\u012bt\u012bbas iest\u0101des att\u012bst\u012bbai;<\/em><\/p>\n\n\n\n<p><em>2) piedal\u0101s izgl\u012bt\u012bbas procesa un t\u0101 rezult\u0101tu apsprie\u0161an\u0101, iev\u0113rojot pedagogu, izgl\u012btojamo un vi\u0146u vec\u0101ku priek\u0161likumus, un sniedz izgl\u012bt\u012bbas iest\u0101dei un t\u0101s dibin\u0101t\u0101jam ieteikumus izgl\u012bt\u012bbas iest\u0101des darb\u012bbas un izgl\u012bt\u012bbas kvalit\u0101tes pilnveidei;<\/em><\/p>\n\n\n\n<p><em>3) sniedz priek\u0161likumus jaut\u0101jumos par izgl\u012btojamo un izgl\u012bt\u012bbas iest\u0101des darbinieku ties\u012bb\u0101m un pien\u0101kumiem;<\/em><\/p>\n\n\n\n<p><em>4) sniedz izgl\u012bt\u012bbas iest\u0101des vad\u012bt\u0101jam priek\u0161likumus par iest\u0101des darba organiz\u0101ciju, bud\u017eeta sadal\u012bjumu un izgl\u012bt\u012bbas programmu \u012bsteno\u0161anu;<\/em><\/p>\n\n\n\n<p><em>5) ir ties\u012bga lemt par to, k\u0101dus individu\u0101los m\u0101c\u012bbu piederumus nodro\u0161ina izgl\u012btojamo vec\u0101ki (personas, kas realiz\u0113 aizg\u0101d\u012bbu);<\/em><\/p>\n\n\n\n<p><em>5<sup>1<\/sup>) lemj par m\u0101c\u012bbu un audzin\u0101\u0161anas proces\u0101 izmantojamo meto\u017eu un inform\u0101cijas, taj\u0101 skait\u0101 m\u0101c\u012bbu l\u012bdzek\u013cu un materi\u0101lu, atbilst\u012bbu \u0161\u0101 likuma m\u0113r\u0137\u012b ietvertajai izgl\u012btojam\u0101 tikumisk\u0101s att\u012bst\u012bbas nodro\u0161in\u0101\u0161anai, k\u0101 ar\u012b tikumisk\u0101s audzin\u0101\u0161anas vadl\u012bnij\u0101m;<\/em><\/p>\n\n\n\n<p><em>6) risina t\u0101s kompetenc\u0113 eso\u0161us organizatoriskos, tai skait\u0101 ar izgl\u012bt\u012bbas iest\u0101des r\u012bkotajiem pas\u0101kumiem saist\u012btus jaut\u0101jumus;<\/em><\/p>\n\n\n\n<p><em>7) veicina izgl\u012bt\u012bbas iest\u0101des sadarb\u012bbu ar sabiedr\u012bbu;<\/em><\/p>\n\n\n\n<p><em>8) inform\u0113 par savu darb\u012bbu un pie\u0146emtajiem l\u0113mumiem izgl\u012bt\u012bbas iest\u0101des padomes darbu reglament\u0113jo\u0161\u0101 normat\u012bvaj\u0101 akt\u0101 noteiktaj\u0101 k\u0101rt\u012bb\u0101;<\/em><\/p>\n\n\n\n<p><em>9) ir ties\u012bga veidot [vec\u0101ku (personu, kas realiz\u0113 aizg\u0101d\u012bbu), izgl\u012btojamo] intere\u0161u grupas un instit\u016bcijas, taj\u0101s iesaistot attiec\u012bg\u0101s izgl\u012bt\u012bbas iest\u0101des izgl\u012btojamos un vi\u0146u vec\u0101kus (personas, kas realiz\u0113 aizg\u0101d\u012bbu);<\/em><\/p>\n\n\n\n<p><em>10) veic citus izgl\u012bt\u012bbas iest\u0101des padomes darbu reglament\u0113jo\u0161\u0101 normat\u012bvaj\u0101 akt\u0101 un citos normat\u012bvajos aktos noteiktos pien\u0101kumus.<\/em><\/p>\n\n\n\n<p><em>Izgl\u012bt\u012bbas iest\u0101des padome darbojas saska\u0146\u0101 ar izgl\u012bt\u012bbas iest\u0101des padomes darb\u012bbu reglament\u0113jo\u0161u normat\u012bvo aktu, ko, saska\u0146ojot ar izgl\u012bt\u012bbas iest\u0101des vad\u012bt\u0101ju, izdod pati padome.<\/em><\/p>\n\n\n\n<p><strong><a href=\"http:\/\/www.smardesskola.lv\/wp-content\/uploads\/2024\/12\/Skolas_padomes_reglaments.pdf\">REGLAMENTS<\/a><\/strong><\/p>\n\n\n\n<p><strong>2025.\/2026.m.g. skolas padomes sast\u0101vs<\/strong>:<\/p>\n\n\n\n<p><\/p>\n\n\n\n<p class=\"has-medium-font-size\"><strong>Vad\u012bt\u0101ja &#8211; Krist\u012bne Ratkevi\u010da<\/strong><\/p>\n\n\n\n<p><strong>Skolas vec\u0101ku p\u0101rst\u0101vji:<\/strong><\/p>\n\n\n\n<p>1. klase &#8211; K\u0101rlis Pried\u012btis<\/p>\n\n\n\n<p>2. klase &#8211; Lelde Supe<\/p>\n\n\n\n<p>3. klase &#8211; J\u016blija Up\u0101ne<\/p>\n\n\n\n<p>4. klase &#8211; Krist\u012bne Ratkevi\u010da<\/p>\n\n\n\n<p>5. klase &#8211; Agnese Trifanova<\/p>\n\n\n\n<p>6. klase &#8211; Dace Ziedi\u0146a<\/p>\n\n\n\n<p>7. klase &#8211; Aija \u0136uze &#8211; Rieksti\u0146a<\/p>\n\n\n\n<p>8. klase &#8211; Olita Silava<\/p>\n\n\n\n<p>9. klase &#8211; Arnita Runce<\/p>\n\n\n\n<p><strong>Pedagogu p\u0101rst\u0101vji:<\/strong> Ilona Trence, Kristaps Pildi\u0146\u0161<\/p>\n\n\n\n<p><strong>Pirmsskolas vec\u0101ku p\u0101rst\u0101vji:<\/strong><\/p>\n\n\n\n<p>&#8220;Zvirbul\u0113ni&#8221; Kristaps Pildi\u0146\u0161<\/p>\n\n\n\n<p>&#8220;Za\u0137\u0113ni&#8221; Rihards Mednis<\/p>\n\n\n\n<p>&#8220;E\u017euki&#8221; Monta Kvedare<\/p>\n\n\n\n<p>&#8220;L\u0101c\u0113ni&#8221; Gunita Behmane &#8211; Rudz\u012bte<\/p>\n\n\n\n<p>&#8220;Pel\u0113ni&#8221; Linda Treilone &#8211; Kalni\u0146a&nbsp;<\/p>\n\n\n\n<p><strong>Pirmsskolas pedagogu p\u0101rst\u0101vis:<\/strong> Ed\u012bte Spr\u016bd\u017ea <\/p>\n\n\n\n<p><strong>Skolas administr\u0101cijas p\u0101rst\u0101vis<\/strong>: Vivita Ponciusa (direktore)<\/p>\n\n\n\n<p><strong>Dibin\u0101t\u0101ja p\u0101rst\u0101vis:<\/strong> Kristaps Za\u013ckalns (Sm\u0101rdes pagasta p\u0101rvaldes vad\u012bt\u0101js)<\/p>\n\n\n\n<p><strong>Skol\u0113nu p\u0101rst\u0101vji:<\/strong> Katr\u012bna Ose (9. klase), Lelde \u0160nikvalde (9. klase)<\/p>\n\n\n\n<p><strong>PROTOKOLI<\/strong><\/p>\n\n\n\n<p><a href=\"http:\/\/www.smardesskola.lv\/wp-content\/uploads\/2024\/12\/Protokols_1.pdf\">11.12.2024. protokols<\/a><\/p>\n\n\n\n<p><a href=\"https:\/\/www.smardesskola.lv\/wp-content\/uploads\/2025\/05\/Protkols2.pdf\" data-type=\"attachment\" data-id=\"2545\">20.02.2025. protokols<\/a><\/p>\n","protected":false},"excerpt":{"rendered":"<p>Saska\u0146\u0101 ar Izgl\u012bt\u012bbas likuma 31. pantu, skol\u0101 darbojas skolas padome. T\u0101s sast\u0101v\u0101 ir vec\u0101ku, pedagogu un skol\u0113nu p\u0101rst\u0101vji, skolas direktors, k\u0101 ar\u012b pa\u0161vald\u012bbas p\u0101rst\u0101vis &#8211; Sm\u0101rdes pagasta p\u0101rvaldes vad\u012bt\u0101js. Izgl\u012bt\u012bbas iest\u0101des padome: 1) sniedz priek\u0161likumus izgl\u012bt\u012bbas iest\u0101des att\u012bst\u012bbai; 2) piedal\u0101s izgl\u012bt\u012bbas procesa un t\u0101 rezult\u0101tu apsprie\u0161an\u0101, iev\u0113rojot pedagogu, izgl\u012btojamo un vi\u0146u vec\u0101ku priek\u0161likumus, un sniedz<a class=\"moretag\" href=\"https:\/\/www.smardesskola.lv\/?page_id=2297\"> Las\u012bt vair\u0101k&#8230;<\/a><\/p>\n","protected":false},"author":1,"featured_media":0,"parent":0,"menu_order":0,"comment_status":"closed","ping_status":"closed","template":"","meta":{"ngg_post_thumbnail":0,"footnotes":""},"class_list":["post-2297","page","type-page","status-publish","hentry"],"_links":{"self":[{"href":"https:\/\/www.smardesskola.lv\/index.php?rest_route=\/wp\/v2\/pages\/2297","targetHints":{"allow":["GET"]}}],"collection":[{"href":"https:\/\/www.smardesskola.lv\/index.php?rest_route=\/wp\/v2\/pages"}],"about":[{"href":"https:\/\/www.smardesskola.lv\/index.php?rest_route=\/wp\/v2\/types\/page"}],"author":[{"embeddable":true,"href":"https:\/\/www.smardesskola.lv\/index.php?rest_route=\/wp\/v2\/users\/1"}],"replies":[{"embeddable":true,"href":"https:\/\/www.smardesskola.lv\/index.php?rest_route=%2Fwp%2Fv2%2Fcomments&post=2297"}],"version-history":[{"count":22,"href":"https:\/\/www.smardesskola.lv\/index.php?rest_route=\/wp\/v2\/pages\/2297\/revisions"}],"predecessor-version":[{"id":2871,"href":"https:\/\/www.smardesskola.lv\/index.php?rest_route=\/wp\/v2\/pages\/2297\/revisions\/2871"}],"wp:attachment":[{"href":"https:\/\/www.smardesskola.lv\/index.php?rest_route=%2Fwp%2Fv2%2Fmedia&parent=2297"}],"curies":[{"name":"wp","href":"https:\/\/api.w.org\/{rel}","templated":true}]}}