{"id":24,"date":"2021-09-23T15:32:15","date_gmt":"2021-09-23T15:32:15","guid":{"rendered":"http:\/\/192.168.56.111\/?page_id=24"},"modified":"2026-01-28T14:19:27","modified_gmt":"2026-01-28T12:19:27","slug":"aktualitates","status":"publish","type":"page","link":"https:\/\/www.smardesskola.lv\/","title":{"rendered":"Aktualit\u0101tes"},"content":{"rendered":"\n<div class=\"wp-block-columns is-layout-flex wp-container-core-columns-is-layout-9d6595d7 wp-block-columns-is-layout-flex\">\n<div class=\"wp-block-column is-layout-flow wp-block-column-is-layout-flow\" style=\"flex-basis:100%\">\n<div class=\"wp-block-columns has-black-color has-white-background-color has-text-color has-background has-link-color wp-elements-f4409aaae59c0a13d91f370eb8a375e2 is-layout-flex wp-container-core-columns-is-layout-9d6595d7 wp-block-columns-is-layout-flex\">\n<div class=\"wp-block-column is-layout-flow wp-block-column-is-layout-flow\" style=\"flex-basis:100%\">\n<div class=\"wp-block-group\"><div class=\"wp-block-group__inner-container is-layout-constrained wp-block-group-is-layout-constrained\">\n<div class=\"wp-block-columns is-layout-flex wp-container-core-columns-is-layout-9d6595d7 wp-block-columns-is-layout-flex\">\n<div class=\"wp-block-column is-layout-flow wp-block-column-is-layout-flow\" style=\"flex-basis:100%\"><ul style=\"font-size:15px;\" class=\"wp-block-latest-posts__list has-link-color alignright wp-elements-a6a4612524a2fb29c4f986c4e4aaafaa wp-block-latest-posts has-text-color has-black-color\"><li><div class=\"wp-block-latest-posts__featured-image alignleft\"><img loading=\"lazy\" decoding=\"async\" width=\"150\" height=\"150\" src=\"https:\/\/www.smardesskola.lv\/wp-content\/uploads\/2026\/03\/skolas-logo-konkurss-150x150.png\" class=\"attachment-thumbnail size-thumbnail wp-post-image\" alt=\"\" style=\"max-width:113px;max-height:113px;\" \/><\/div><a class=\"wp-block-latest-posts__post-title\" href=\"https:\/\/www.smardesskola.lv\/?p=2917\">LOGO IDEJU KONKURSS<\/a><div class=\"wp-block-latest-posts__post-excerpt\">&nbsp;Nepalaid gar\u0101m iesp\u0113ju!Sm\u0101rdes pamatskola r\u012bko logo ideju konkursu! &nbsp;Termi\u0146\u0161: no 2026. gada 16. marta l\u012bdz 30. apr\u012blim. Aicin\u0101m ikvienu piedal\u012bties \u2014 skolas skol\u0113nus, vec\u0101kus, absolventus un viet\u0113jos iedz\u012bvot\u0101jus! Vai tev ir rado\u0161as idejas, k\u0101dam j\u0101izskat\u0101s m\u016bsu logo?S\u016bti mums savas skices, z\u012bm\u0113jumus vai aprakstus uz vivita.ponciusa@tukums.lv ! &nbsp;P\u0101rsteiguma balvas lab\u0101kajiem idejas autoriem! Uzvar\u0113t\u0101js tiks pazi\u0146ots l\u012bdz<a class=\"moretag\" href=\"https:\/\/www.smardesskola.lv\/?p=2917\"> Las\u012bt vair\u0101k&#8230;<\/a><\/div><\/li>\n<li><div class=\"wp-block-latest-posts__featured-image alignleft\"><img loading=\"lazy\" decoding=\"async\" width=\"150\" height=\"150\" src=\"https:\/\/www.smardesskola.lv\/wp-content\/uploads\/2026\/03\/Skola_1-150x150.jpg\" class=\"attachment-thumbnail size-thumbnail wp-post-image\" alt=\"\" style=\"max-width:113px;max-height:113px;\" \/><\/div><a class=\"wp-block-latest-posts__post-title\" href=\"https:\/\/www.smardesskola.lv\/?p=2908\">Uz\u0146em\u0161ana 1. klas\u0113 2026. gad\u0101 \u2013 svar\u012bga inform\u0101cija vec\u0101kiem!<\/a><div class=\"wp-block-latest-posts__post-excerpt\">Sm\u0101rdes pamatskola ir uzs\u0101kusi dokumentu pie\u0146em\u0161anu uz 1.klasi (2026.\/2027.m.g.).Iesnieguma iesnieg\u0161ana:1) Kl\u0101tien\u0113 \u2013 uzr\u0101dot vec\u0101ka un b\u0113rna dokumentus skol\u0101 (no pirmdienas l\u012bdz tre\u0161dienai \u2013 no plkst. 10.00 \u2013 15.30 ) vai telefoniski vienojoties par citu dokumentu iesnieg\u0161anas laiku &#8211; zvanot uz +371 24207283.2) Elektroniski \u2013 nos\u016btot uz skolas e-pastu: smardesskola@tukums.lv ar dro\u0161u e-parakstu un pievienojot dokumentu<a class=\"moretag\" href=\"https:\/\/www.smardesskola.lv\/?p=2908\"> Las\u012bt vair\u0101k&#8230;<\/a><\/div><\/li>\n<li><div class=\"wp-block-latest-posts__featured-image alignleft\"><img loading=\"lazy\" decoding=\"async\" width=\"150\" height=\"150\" src=\"https:\/\/www.smardesskola.lv\/wp-content\/uploads\/2026\/03\/Plakats-Atverto-durvju-diena-1-150x150.jpg\" class=\"attachment-thumbnail size-thumbnail wp-post-image\" alt=\"\" style=\"max-width:113px;max-height:113px;\" \/><\/div><a class=\"wp-block-latest-posts__post-title\" href=\"https:\/\/www.smardesskola.lv\/?p=2881\">24.03.2026. plkst. 17.30 Atv\u0113rt\u0101 durvju diena Sm\u0101rdes pamatskol\u0101 &#8220;No rota\u013c\u0101m uz sap\u0146u skolu Sm\u0101rd\u0113!&#8221;<\/a><div class=\"wp-block-latest-posts__post-excerpt\">Tik\u0161an\u0101s laik\u0101 b\u016bs iesp\u0113ja: \u2022 iepaz\u012bt skolu un t\u0101s vidi; \u2022 satikt skolot\u0101ju Agnesi; \u2022 b\u0113rniem piedal\u012bties saj\u016btu darbn\u012bc\u0101s. Gaid\u012bsim ar\u012b tos, kuri jau pieteiku\u0161ies cit\u0101 skol\u0101, bet v\u0113las vienk\u0101r\u0161i piedal\u012bties interesant\u0101s aktivit\u0101t\u0113s! Pieteik\u0161an\u0101s, nosken\u0113jot QR kodu vai, izmantojot https:\/\/forms.gle\/9nwmtW8AtYaV1BUD7 Papildus inform\u0101cija: mob. 29727938<\/div><\/li>\n<li><div class=\"wp-block-latest-posts__featured-image alignleft\"><img loading=\"lazy\" decoding=\"async\" width=\"150\" height=\"150\" src=\"https:\/\/www.smardesskola.lv\/wp-content\/uploads\/2026\/01\/2-1-150x150.jpg\" class=\"attachment-thumbnail size-thumbnail wp-post-image\" alt=\"\" style=\"max-width:113px;max-height:113px;\" \/><\/div><a class=\"wp-block-latest-posts__post-title\" href=\"https:\/\/www.smardesskola.lv\/?p=2836\">Sm\u0101rdes pamatskolai 1. vietas Tukuma novad\u0101!<\/a><div class=\"wp-block-latest-posts__post-excerpt\">Sm\u0101rdes pamatskolas z\u0113nu un meite\u0146u komandas piedal\u012bj\u0101s Tukuma novada skolu komandu volejbola sacens\u012bb\u0101s. Mazo skolu kategorij\u0101 abas Sm\u0101rdes pamatskolas komandas uzvar\u0113ja vis\u0101s sp\u0113l\u0113s un p\u0101rliecino\u0161i izc\u012bn\u012bja 1. vietas. Volejbolam b\u016bs b\u016bt Sm\u0101rdes pamatskol\u0101!<\/div><\/li>\n<li><div class=\"wp-block-latest-posts__featured-image alignleft\"><img loading=\"lazy\" decoding=\"async\" width=\"150\" height=\"150\" src=\"https:\/\/www.smardesskola.lv\/wp-content\/uploads\/2026\/01\/Ekranuznemums-2026-01-28-112554-150x150.png\" class=\"attachment-thumbnail size-thumbnail wp-post-image\" alt=\"\" style=\"max-width:113px;max-height:113px;\" \/><\/div><a class=\"wp-block-latest-posts__post-title\" href=\"https:\/\/www.smardesskola.lv\/?p=2793\">Sm\u0101rdes pamatskolas FACEBOOK lapa<\/a><div class=\"wp-block-latest-posts__post-excerpt\">\u0160obr\u012bd p\u0101rejam uz jaunu Sm\u0101rdes pamatskolas m\u0101jaslapu, t\u0101p\u0113c visas aktualit\u0101tes par pamatskolu ir pieejamas m\u016bsu Facebook m\u0101jas lap\u0101 &#8211; https:\/\/www.facebook.com\/smardespamatskola\/ un jaunumi par Sm\u0101rdes pamatskolas pirmsskolu &#8211; https:\/\/www.facebook.com\/profile.php?id=61581210505837<\/div><\/li>\n<li><div class=\"wp-block-latest-posts__featured-image alignleft\"><img loading=\"lazy\" decoding=\"async\" width=\"150\" height=\"150\" src=\"https:\/\/www.smardesskola.lv\/wp-content\/uploads\/2025\/11\/556901611_807880304933370_6958847188870979102_n-150x150.jpg\" class=\"attachment-thumbnail size-thumbnail wp-post-image\" alt=\"\" style=\"max-width:113px;max-height:113px;\" \/><\/div><a class=\"wp-block-latest-posts__post-title\" href=\"https:\/\/www.smardesskola.lv\/?p=2763\">Skolot\u0101ju diena 2025<\/a><div class=\"wp-block-latest-posts__post-excerpt\">Skolot\u0101ju diena m\u016bsu skol\u0101 izv\u0113rt\u0101s par sirsn\u012bgu un gai\u0161u sv\u0113tku br\u012bdi. 9. klases skol\u0113ni bija sagatavoju\u0161i \u012bpa\u0161u p\u0101rsteigumu saviem skolot\u0101jiem \u2013 svin\u012bgu sveicienu, klaviersp\u0113li un interesantu viktor\u012bnu. \u012apa\u0161i aizraujo\u0161s bija br\u012bdis, kad skol\u0113ni iejut\u0101s skolot\u0101ju lom\u0101 un vad\u012bja m\u0101c\u012bbu stundas, g\u016bstot neaizmirstamu pieredzi un iel\u016bkojoties skolot\u0101ja ikdienas darb\u0101. Pas\u0101kuma nosl\u0113gum\u0101 skolot\u0101ji sa\u0146\u0113ma aizraut\u012bgas un m\u012b\u013cas<a class=\"moretag\" href=\"https:\/\/www.smardesskola.lv\/?p=2763\"> Las\u012bt vair\u0101k&#8230;<\/a><\/div><\/li>\n<li><div class=\"wp-block-latest-posts__featured-image alignleft\"><img loading=\"lazy\" decoding=\"async\" width=\"150\" height=\"150\" src=\"https:\/\/www.smardesskola.lv\/wp-content\/uploads\/2025\/11\/WhatsApp-Image-2025-11-20-at-13.27.27-10-150x150.jpeg\" class=\"attachment-thumbnail size-thumbnail wp-post-image\" alt=\"\" style=\"max-width:113px;max-height:113px;\" \/><\/div><a class=\"wp-block-latest-posts__post-title\" href=\"https:\/\/www.smardesskola.lv\/?p=2749\">M\u0101rti\u0146dienas gadatirgus 7.11.<\/a><div class=\"wp-block-latest-posts__post-excerpt\">Skol\u0113ni bija sagatavoju\u0161ies ar lielu aizraut\u012bbu \u2014 tirgoj\u0101s, pied\u0101v\u0101jot pa\u0161u gatavotus gardumus, darin\u0101jumus un da\u017e\u0101dus p\u0101rsteigumus, bet citi ar prieku iepirk\u0101s un baud\u012bja tirgus ros\u012bbu. Gadatirgu apmekl\u0113ja ar\u012b Sm\u0101rdes pagasta iedz\u012bvot\u0101ji, kas ar interesi apskat\u012bja skol\u0113nu darbus un \u013c\u0101v\u0101s sv\u0113tku priekam. Pas\u0101kumu jautri un skan\u012bgi ieskandin\u0101ja skolas folkloras kopa \u201cJum\u012btis\u201d, kas ar dziesm\u0101m un dej\u0101m<a class=\"moretag\" href=\"https:\/\/www.smardesskola.lv\/?p=2749\"> Las\u012bt vair\u0101k&#8230;<\/a><\/div><\/li>\n<li><div class=\"wp-block-latest-posts__featured-image alignleft\"><img loading=\"lazy\" decoding=\"async\" width=\"150\" height=\"150\" src=\"https:\/\/www.smardesskola.lv\/wp-content\/uploads\/2025\/11\/WhatsApp-Image-2025-11-20-at-12.05.40-150x150.jpeg\" class=\"attachment-thumbnail size-thumbnail wp-post-image\" alt=\"\" style=\"max-width:113px;max-height:113px;\" \/><\/div><a class=\"wp-block-latest-posts__post-title\" href=\"https:\/\/www.smardesskola.lv\/?p=2705\">Valsts sv\u0113tku koncerts 13.11.<\/a><div class=\"wp-block-latest-posts__post-excerpt\">Ar sirsn\u012bgiem v\u0101rdiem, dziesm\u0101m un dej\u0101m godin\u0101j\u0101m savu valsti! Dzejo\u013cus las\u012bja: \u2022 El\u012bza Rudz\u012bte \u2022 L\u012bva \u010cilip\u0101ne \u2022 Arnolds Ziedi\u0146\u0161 Ar sirsn\u012bgu uzrunu uzst\u0101j\u0101s Katr\u012bna Ose, p\u0101rst\u0101vot gan skolu, gan valsti. Sv\u0113tku noska\u0146u bag\u0101tin\u0101ja: \u2022 Folkloras kopa \u201cJum\u012btis\u201d \u2022 Tautu deju kolekt\u012bvs \u201cDz\u0113rv\u012btes\u201d Paldies skolot\u0101jam Kristapam Pildi\u0146am par aizraujo\u0161u ieskatu Latvijas valsts v\u0113stur\u0113! Paldies skolot\u0101jai<a class=\"moretag\" href=\"https:\/\/www.smardesskola.lv\/?p=2705\"> Las\u012bt vair\u0101k&#8230;<\/a><\/div><\/li>\n<li><div class=\"wp-block-latest-posts__featured-image alignleft\"><img loading=\"lazy\" decoding=\"async\" width=\"150\" height=\"150\" src=\"https:\/\/www.smardesskola.lv\/wp-content\/uploads\/2025\/09\/87243bb2-2af8-427e-a4f4-74817ca4c214-150x150.jpeg\" class=\"attachment-thumbnail size-thumbnail wp-post-image\" alt=\"1.\u20133. klases grupa \ud83e\udd47 1. vieta \u2013 1. klase \ud83e\udd48 2. vieta \u2013 3. klase \ud83e\udd49 3. vieta \u2013 2. klase 4.\u20136. kla\u0161u grupa \ud83c\udfc6 Kopv\u0113rt\u0113jums p\u0113c kla\u0161u punktiem \ud83e\udd47 1. vieta \u2013 6. klase \u2013 186 punkti \ud83e\udd48 2. vieta \u2013 4. klase \u2013 126 punkti \ud83e\udd49 3. vieta \u2013 5. klase \u2013 92 punkti 7.\u20139. kla\u0161u grupa \ud83c\udfc6 Kopv\u0113rt\u0113jums p\u0113c kla\u0161u punktiem \ud83e\udd47 1. vieta \u2013 9. klase \u2013 183 punkti \ud83e\udd48 2. vieta \u2013 7. klase \u2013 178 punkti \ud83e\udd49 3. vieta \u2013 8. klase \u2013 151 punkts\" style=\"max-width:113px;max-height:113px;\" \/><\/div><a class=\"wp-block-latest-posts__post-title\" href=\"https:\/\/www.smardesskola.lv\/?p=2672\">Skolas 105. jubilejas sporta kauss<\/a><div class=\"wp-block-latest-posts__post-excerpt\">1.\u20133. klases grupa 1. vieta \u2013 1. klase 2. vieta \u2013 3. klase 3. vieta \u2013 2. klase 4.\u20136. kla\u0161u grupa Kopv\u0113rt\u0113jums p\u0113c kla\u0161u punktiem 1. vieta \u2013 6. klase \u2013 186 punkti 2. vieta \u2013 4. klase \u2013 126 punkti 3. vieta \u2013 5. klase \u2013 92 punkti 7.\u20139. kla\u0161u grupa Kopv\u0113rt\u0113jums p\u0113c kla\u0161u<a class=\"moretag\" href=\"https:\/\/www.smardesskola.lv\/?p=2672\"> Las\u012bt vair\u0101k&#8230;<\/a><\/div><\/li>\n<li><div class=\"wp-block-latest-posts__featured-image alignleft\"><img loading=\"lazy\" decoding=\"async\" width=\"150\" height=\"150\" src=\"https:\/\/www.smardesskola.lv\/wp-content\/uploads\/2025\/09\/539817973_783334414054626_3232981321841075307_n-Copy-150x150.jpg\" class=\"attachment-thumbnail size-thumbnail wp-post-image\" alt=\"\" style=\"max-width:113px;max-height:113px;\" \/><\/div><a class=\"wp-block-latest-posts__post-title\" href=\"https:\/\/www.smardesskola.lv\/?p=2647\">Zin\u012bbu diena 2025<\/a><div class=\"wp-block-latest-posts__post-excerpt\">Zin\u012bbu diena Sm\u0101rdes pamatskol\u0101! M\u016bsu skolas saime svin\u012bgi uz\u0146\u0113ma pirmklasniekus, nov\u0113l\u0113j\u0101m veiksmi un pan\u0101kumus m\u016bsu 9. klases skol\u0113niem, k\u0101 ar\u012b priec\u012bgi sveic\u0101m jaunos kol\u0113\u0123us skolot\u0101ju kolekt\u012bv\u0101. Sirsn\u012bgs paldies Madarai Orolai par skaisto dziesmu un vec\u0101kiem par burv\u012bgi izdekor\u0113to skolas pagalmu \u2013 j\u016bs rad\u012bj\u0101t \u012bpa\u0161u sv\u0113tku saj\u016btu! Lai visiem \u0161is m\u0101c\u012bbu gads ir piepild\u012bts ar zin\u0101\u0161an\u0101m,<a class=\"moretag\" href=\"https:\/\/www.smardesskola.lv\/?p=2647\"> Las\u012bt vair\u0101k&#8230;<\/a><\/div><\/li>\n<\/ul><\/div>\n<\/div>\n<\/div><\/div>\n<\/div>\n<\/div>\n<\/div>\n<\/div>\n\n\n\n<hr class=\"wp-block-separator has-alpha-channel-opacity is-style-dots\"\/>\n\n\n\n<hr class=\"wp-block-separator has-alpha-channel-opacity is-style-wide\"\/>\n\n\n<div class=\"wp-block-archives-dropdown wp-block-archives has-medium-font-size\"><label for=\"wp-block-archives-1\" class=\"wp-block-archives__label\">Arh\u012bvi<\/label>\n\t\t<select id=\"wp-block-archives-1\" name=\"archive-dropdown\">\n\t\t<option value=\"\">Atlasiet m\u0113nesi<\/option>\t<option value='https:\/\/www.smardesskola.lv\/?m=202603'> marts (2026) <\/option>\n\t<option value='https:\/\/www.smardesskola.lv\/?m=202601'> janv\u0101ris (2026) <\/option>\n\t<option value='https:\/\/www.smardesskola.lv\/?m=202511'> novembris (2025) <\/option>\n\t<option value='https:\/\/www.smardesskola.lv\/?m=202509'> septembris (2025) <\/option>\n\t<option value='https:\/\/www.smardesskola.lv\/?m=202506'> j\u016bnijs (2025) <\/option>\n\t<option value='https:\/\/www.smardesskola.lv\/?m=202505'> maijs (2025) <\/option>\n\t<option value='https:\/\/www.smardesskola.lv\/?m=202504'> apr\u012blis (2025) <\/option>\n\t<option value='https:\/\/www.smardesskola.lv\/?m=202503'> marts (2025) <\/option>\n\t<option value='https:\/\/www.smardesskola.lv\/?m=202502'> febru\u0101ris (2025) <\/option>\n\t<option value='https:\/\/www.smardesskola.lv\/?m=202501'> janv\u0101ris (2025) <\/option>\n\t<option value='https:\/\/www.smardesskola.lv\/?m=202412'> decembris (2024) <\/option>\n\t<option value='https:\/\/www.smardesskola.lv\/?m=202411'> novembris (2024) <\/option>\n\t<option value='https:\/\/www.smardesskola.lv\/?m=202410'> oktobris (2024) <\/option>\n\t<option value='https:\/\/www.smardesskola.lv\/?m=202409'> septembris (2024) <\/option>\n\t<option value='https:\/\/www.smardesskola.lv\/?m=202408'> augusts (2024) <\/option>\n\t<option value='https:\/\/www.smardesskola.lv\/?m=202407'> j\u016blijs (2024) <\/option>\n\t<option value='https:\/\/www.smardesskola.lv\/?m=202406'> j\u016bnijs (2024) <\/option>\n\t<option value='https:\/\/www.smardesskola.lv\/?m=202401'> janv\u0101ris (2024) <\/option>\n\t<option value='https:\/\/www.smardesskola.lv\/?m=202312'> decembris (2023) <\/option>\n\t<option value='https:\/\/www.smardesskola.lv\/?m=202310'> oktobris (2023) <\/option>\n\t<option value='https:\/\/www.smardesskola.lv\/?m=202305'> maijs (2023) <\/option>\n\t<option value='https:\/\/www.smardesskola.lv\/?m=202212'> decembris (2022) <\/option>\n\t<option value='https:\/\/www.smardesskola.lv\/?m=202211'> novembris (2022) <\/option>\n\t<option value='https:\/\/www.smardesskola.lv\/?m=202209'> septembris (2022) <\/option>\n\t<option value='https:\/\/www.smardesskola.lv\/?m=202204'> apr\u012blis (2022) <\/option>\n\t<option value='https:\/\/www.smardesskola.lv\/?m=202203'> marts (2022) <\/option>\n<\/select><script>\n( ( [ dropdownId, homeUrl ] ) => {\n\t\tconst dropdown = document.getElementById( dropdownId );\n\t\tfunction onSelectChange() {\n\t\t\tsetTimeout( () => {\n\t\t\t\tif ( 'escape' === dropdown.dataset.lastkey ) {\n\t\t\t\t\treturn;\n\t\t\t\t}\n\t\t\t\tif ( dropdown.value ) {\n\t\t\t\t\tlocation.href = dropdown.value;\n\t\t\t\t}\n\t\t\t}, 250 );\n\t\t}\n\t\tfunction onKeyUp( event ) {\n\t\t\tif ( 'Escape' === event.key ) {\n\t\t\t\tdropdown.dataset.lastkey = 'escape';\n\t\t\t} else {\n\t\t\t\tdelete dropdown.dataset.lastkey;\n\t\t\t}\n\t\t}\n\t\tfunction onClick() {\n\t\t\tdelete dropdown.dataset.lastkey;\n\t\t}\n\t\tdropdown.addEventListener( 'keyup', onKeyUp );\n\t\tdropdown.addEventListener( 'click', onClick );\n\t\tdropdown.addEventListener( 'change', onSelectChange );\n\t} )( [\"wp-block-archives-1\",\"https:\/\/www.smardesskola.lv\"] );\n\/\/# sourceURL=block_core_archives_build_dropdown_script\n<\/script>\n<\/div>\n\n\n<p><\/p>\n","protected":false},"excerpt":{"rendered":"","protected":false},"author":1,"featured_media":0,"parent":0,"menu_order":0,"comment_status":"closed","ping_status":"closed","template":"","meta":{"ngg_post_thumbnail":0,"footnotes":""},"class_list":["post-24","page","type-page","status-publish","hentry"],"_links":{"self":[{"href":"https:\/\/www.smardesskola.lv\/index.php?rest_route=\/wp\/v2\/pages\/24","targetHints":{"allow":["GET"]}}],"collection":[{"href":"https:\/\/www.smardesskola.lv\/index.php?rest_route=\/wp\/v2\/pages"}],"about":[{"href":"https:\/\/www.smardesskola.lv\/index.php?rest_route=\/wp\/v2\/types\/page"}],"author":[{"embeddable":true,"href":"https:\/\/www.smardesskola.lv\/index.php?rest_route=\/wp\/v2\/users\/1"}],"replies":[{"embeddable":true,"href":"https:\/\/www.smardesskola.lv\/index.php?rest_route=%2Fwp%2Fv2%2Fcomments&post=24"}],"version-history":[{"count":21,"href":"https:\/\/www.smardesskola.lv\/index.php?rest_route=\/wp\/v2\/pages\/24\/revisions"}],"predecessor-version":[{"id":2825,"href":"https:\/\/www.smardesskola.lv\/index.php?rest_route=\/wp\/v2\/pages\/24\/revisions\/2825"}],"wp:attachment":[{"href":"https:\/\/www.smardesskola.lv\/index.php?rest_route=%2Fwp%2Fv2%2Fmedia&parent=24"}],"curies":[{"name":"wp","href":"https:\/\/api.w.org\/{rel}","templated":true}]}}