{"id":27,"date":"2021-09-23T15:32:15","date_gmt":"2021-09-23T15:32:15","guid":{"rendered":"http:\/\/192.168.56.111\/?page_id=27"},"modified":"2022-09-05T19:03:22","modified_gmt":"2022-09-05T17:03:22","slug":"galerijas","status":"publish","type":"page","link":"https:\/\/www.smardesskola.lv\/?page_id=27","title":{"rendered":"Galerijas"},"content":{"rendered":"<ul class=\"wp-block-latest-posts__list wp-block-latest-posts\"><li><div class=\"wp-block-latest-posts__featured-image alignleft\"><img loading=\"lazy\" decoding=\"async\" width=\"150\" height=\"150\" src=\"https:\/\/www.smardesskola.lv\/wp-content\/uploads\/2025\/11\/556901611_807880304933370_6958847188870979102_n-150x150.jpg\" class=\"attachment-thumbnail size-thumbnail wp-post-image\" alt=\"\" style=\"\" \/><\/div><a class=\"wp-block-latest-posts__post-title\" href=\"https:\/\/www.smardesskola.lv\/?p=2763\">Skolot\u0101ju diena 2025<\/a><div class=\"wp-block-latest-posts__post-excerpt\">Skolot\u0101ju diena m\u016bsu skol\u0101 izv\u0113rt\u0101s par sirsn\u012bgu un gai\u0161u sv\u0113tku br\u012bdi. 9. klases skol\u0113ni bija sagatavoju\u0161i \u012bpa\u0161u p\u0101rsteigumu saviem skolot\u0101jiem \u2013 svin\u012bgu sveicienu, klaviersp\u0113li un interesantu viktor\u012bnu. \u012apa\u0161i aizraujo\u0161s bija br\u012bdis, kad skol\u0113ni iejut\u0101s skolot\u0101ju lom\u0101 un vad\u012bja m\u0101c\u012bbu stundas, g\u016bstot neaizmirstamu pieredzi un iel\u016bkojoties skolot\u0101ja ikdienas darb\u0101. Pas\u0101kuma nosl\u0113gum\u0101 skolot\u0101ji sa\u0146\u0113ma aizraut\u012bgas un m\u012b\u013cas<a class=\"moretag\" href=\"https:\/\/www.smardesskola.lv\/?p=2763\"> Las\u012bt vair\u0101k&#8230;<\/a><\/div><\/li>\n<li><div class=\"wp-block-latest-posts__featured-image alignleft\"><img loading=\"lazy\" decoding=\"async\" width=\"150\" height=\"150\" src=\"https:\/\/www.smardesskola.lv\/wp-content\/uploads\/2025\/11\/WhatsApp-Image-2025-11-20-at-13.27.27-10-150x150.jpeg\" class=\"attachment-thumbnail size-thumbnail wp-post-image\" alt=\"\" style=\"\" \/><\/div><a class=\"wp-block-latest-posts__post-title\" href=\"https:\/\/www.smardesskola.lv\/?p=2749\">M\u0101rti\u0146dienas gadatirgus 7.11.<\/a><div class=\"wp-block-latest-posts__post-excerpt\">Skol\u0113ni bija sagatavoju\u0161ies ar lielu aizraut\u012bbu \u2014 tirgoj\u0101s, pied\u0101v\u0101jot pa\u0161u gatavotus gardumus, darin\u0101jumus un da\u017e\u0101dus p\u0101rsteigumus, bet citi ar prieku iepirk\u0101s un baud\u012bja tirgus ros\u012bbu. Gadatirgu apmekl\u0113ja ar\u012b Sm\u0101rdes pagasta iedz\u012bvot\u0101ji, kas ar interesi apskat\u012bja skol\u0113nu darbus un \u013c\u0101v\u0101s sv\u0113tku priekam. Pas\u0101kumu jautri un skan\u012bgi ieskandin\u0101ja skolas folkloras kopa \u201cJum\u012btis\u201d, kas ar dziesm\u0101m un dej\u0101m<a class=\"moretag\" href=\"https:\/\/www.smardesskola.lv\/?p=2749\"> Las\u012bt vair\u0101k&#8230;<\/a><\/div><\/li>\n<li><div class=\"wp-block-latest-posts__featured-image alignleft\"><img loading=\"lazy\" decoding=\"async\" width=\"150\" height=\"150\" src=\"https:\/\/www.smardesskola.lv\/wp-content\/uploads\/2025\/11\/WhatsApp-Image-2025-11-20-at-12.05.40-150x150.jpeg\" class=\"attachment-thumbnail size-thumbnail wp-post-image\" alt=\"\" style=\"\" \/><\/div><a class=\"wp-block-latest-posts__post-title\" href=\"https:\/\/www.smardesskola.lv\/?p=2705\">Valsts sv\u0113tku koncerts 13.11.<\/a><div class=\"wp-block-latest-posts__post-excerpt\">Ar sirsn\u012bgiem v\u0101rdiem, dziesm\u0101m un dej\u0101m godin\u0101j\u0101m savu valsti! Dzejo\u013cus las\u012bja: \u2022 El\u012bza Rudz\u012bte \u2022 L\u012bva \u010cilip\u0101ne \u2022 Arnolds Ziedi\u0146\u0161 Ar sirsn\u012bgu uzrunu uzst\u0101j\u0101s Katr\u012bna Ose, p\u0101rst\u0101vot gan skolu, gan valsti. Sv\u0113tku noska\u0146u bag\u0101tin\u0101ja: \u2022 Folkloras kopa \u201cJum\u012btis\u201d \u2022 Tautu deju kolekt\u012bvs \u201cDz\u0113rv\u012btes\u201d Paldies skolot\u0101jam Kristapam Pildi\u0146am par aizraujo\u0161u ieskatu Latvijas valsts v\u0113stur\u0113! Paldies skolot\u0101jai<a class=\"moretag\" href=\"https:\/\/www.smardesskola.lv\/?p=2705\"> Las\u012bt vair\u0101k&#8230;<\/a><\/div><\/li>\n<li><div class=\"wp-block-latest-posts__featured-image alignleft\"><img loading=\"lazy\" decoding=\"async\" width=\"150\" height=\"150\" src=\"https:\/\/www.smardesskola.lv\/wp-content\/uploads\/2025\/09\/87243bb2-2af8-427e-a4f4-74817ca4c214-150x150.jpeg\" class=\"attachment-thumbnail size-thumbnail wp-post-image\" alt=\"1.\u20133. klases grupa \ud83e\udd47 1. vieta \u2013 1. klase \ud83e\udd48 2. vieta \u2013 3. klase \ud83e\udd49 3. vieta \u2013 2. klase 4.\u20136. kla\u0161u grupa \ud83c\udfc6 Kopv\u0113rt\u0113jums p\u0113c kla\u0161u punktiem \ud83e\udd47 1. vieta \u2013 6. klase \u2013 186 punkti \ud83e\udd48 2. vieta \u2013 4. klase \u2013 126 punkti \ud83e\udd49 3. vieta \u2013 5. klase \u2013 92 punkti 7.\u20139. kla\u0161u grupa \ud83c\udfc6 Kopv\u0113rt\u0113jums p\u0113c kla\u0161u punktiem \ud83e\udd47 1. vieta \u2013 9. klase \u2013 183 punkti \ud83e\udd48 2. vieta \u2013 7. klase \u2013 178 punkti \ud83e\udd49 3. vieta \u2013 8. klase \u2013 151 punkts\" style=\"\" \/><\/div><a class=\"wp-block-latest-posts__post-title\" href=\"https:\/\/www.smardesskola.lv\/?p=2672\">Skolas 105. jubilejas sporta kauss<\/a><div class=\"wp-block-latest-posts__post-excerpt\">1.\u20133. klases grupa 1. vieta \u2013 1. klase 2. vieta \u2013 3. klase 3. vieta \u2013 2. klase 4.\u20136. kla\u0161u grupa Kopv\u0113rt\u0113jums p\u0113c kla\u0161u punktiem 1. vieta \u2013 6. klase \u2013 186 punkti 2. vieta \u2013 4. klase \u2013 126 punkti 3. vieta \u2013 5. klase \u2013 92 punkti 7.\u20139. kla\u0161u grupa Kopv\u0113rt\u0113jums p\u0113c kla\u0161u<a class=\"moretag\" href=\"https:\/\/www.smardesskola.lv\/?p=2672\"> Las\u012bt vair\u0101k&#8230;<\/a><\/div><\/li>\n<li><div class=\"wp-block-latest-posts__featured-image alignleft\"><img loading=\"lazy\" decoding=\"async\" width=\"150\" height=\"150\" src=\"https:\/\/www.smardesskola.lv\/wp-content\/uploads\/2025\/09\/539817973_783334414054626_3232981321841075307_n-Copy-150x150.jpg\" class=\"attachment-thumbnail size-thumbnail wp-post-image\" alt=\"\" style=\"\" \/><\/div><a class=\"wp-block-latest-posts__post-title\" href=\"https:\/\/www.smardesskola.lv\/?p=2647\">Zin\u012bbu diena 2025<\/a><div class=\"wp-block-latest-posts__post-excerpt\">Zin\u012bbu diena Sm\u0101rdes pamatskol\u0101! M\u016bsu skolas saime svin\u012bgi uz\u0146\u0113ma pirmklasniekus, nov\u0113l\u0113j\u0101m veiksmi un pan\u0101kumus m\u016bsu 9. klases skol\u0113niem, k\u0101 ar\u012b priec\u012bgi sveic\u0101m jaunos kol\u0113\u0123us skolot\u0101ju kolekt\u012bv\u0101. Sirsn\u012bgs paldies Madarai Orolai par skaisto dziesmu un vec\u0101kiem par burv\u012bgi izdekor\u0113to skolas pagalmu \u2013 j\u016bs rad\u012bj\u0101t \u012bpa\u0161u sv\u0113tku saj\u016btu! Lai visiem \u0161is m\u0101c\u012bbu gads ir piepild\u012bts ar zin\u0101\u0161an\u0101m,<a class=\"moretag\" href=\"https:\/\/www.smardesskola.lv\/?p=2647\"> Las\u012bt vair\u0101k&#8230;<\/a><\/div><\/li>\n<li><div class=\"wp-block-latest-posts__featured-image alignleft\"><img loading=\"lazy\" decoding=\"async\" width=\"150\" height=\"150\" src=\"https:\/\/www.smardesskola.lv\/wp-content\/uploads\/2025\/09\/photo-by-Ievs-364-2-150x150.jpg\" class=\"attachment-thumbnail size-thumbnail wp-post-image\" alt=\"\" style=\"\" \/><\/div><a class=\"wp-block-latest-posts__post-title\" href=\"https:\/\/www.smardesskola.lv\/?p=2614\">Izlaidums 2025<\/a><div class=\"wp-block-latest-posts__post-excerpt\">Izlaidums 2025 \u2728\u0160is ir mirklis, ko v\u0113lamies saglab\u0101t m\u016b\u017e\u012bgi \u2013 smaidi, draudz\u012bba un neaizmirstamie piedz\u012bvojumi.Katrs foto r\u0101da ne tikai m\u016bsu kop\u0101 b\u016b\u0161anu, bet ar\u012b sap\u0146us, kas ce\u013cas jaun\u0101 ce\u013c\u0101.\ud83d\udcf8 \u0160\u012bs bildes st\u0101sta par prieku, sasniegumiem un skaisto ce\u013cojumu, kas tagad s\u0101kas.Lai katrs skats atg\u0101dina par br\u012bni\u0161\u0137\u012bgo laiku, kas pieder tikai mums! \ud83c\udf38<\/div><\/li>\n<li><div class=\"wp-block-latest-posts__featured-image alignleft\"><img loading=\"lazy\" decoding=\"async\" width=\"150\" height=\"150\" src=\"https:\/\/www.smardesskola.lv\/wp-content\/uploads\/2025\/06\/EAF_8778-150x150.jpg\" class=\"attachment-thumbnail size-thumbnail wp-post-image\" alt=\"Skolot\u0101ji\" style=\"\" \/><\/div><a class=\"wp-block-latest-posts__post-title\" href=\"https:\/\/www.smardesskola.lv\/?p=2601\">Skolas salidojums 2025<\/a><div class=\"wp-block-latest-posts__post-excerpt\">31.05.2025. norisin\u0101j\u0101s Sm\u0101rdes skolas salidojums, velt\u012bts skolas 105. dzim\u0161anas dienai.<\/div><\/li>\n<li><div class=\"wp-block-latest-posts__featured-image alignleft\"><img loading=\"lazy\" decoding=\"async\" width=\"150\" height=\"150\" src=\"https:\/\/www.smardesskola.lv\/wp-content\/uploads\/2024\/12\/WhatsApp-Image-2024-12-27-at-16.52.14-150x150.jpeg\" class=\"attachment-thumbnail size-thumbnail wp-post-image\" alt=\"Ziemassv\u0113tki pirmsskol\u0101\" style=\"\" \/><\/div><a class=\"wp-block-latest-posts__post-title\" href=\"https:\/\/www.smardesskola.lv\/?p=2441\">Ziemassv\u0113tki pirmsskol\u0101<\/a><div class=\"wp-block-latest-posts__post-excerpt\">Ziemassv\u0113tku laiks Sm\u0101rdes pirmsskol\u0101 bija sirsn\u012bg\u0101m emocij\u0101m un smaidiem piepild\u012bts. Un, protams, neiztikt bez pa\u0161a \u012bst\u0101k\u0101 Ziemassv\u0113tku vec\u012b\u0161a apciemojuma. Paldies skolot\u0101j\u0101m par darbu, ko veic, gatavojoties sv\u0113tkiem kop\u0101 ar m\u016bsu mazajiem \u0137ipariem! Lai Jaunais gads n\u0101k ar tikpat pozit\u012bv\u0101m izj\u016bt\u0101m k\u0101 ikdien\u0101, t\u0101 sv\u0113tkos!<\/div><\/li>\n<li><div class=\"wp-block-latest-posts__featured-image alignleft\"><img loading=\"lazy\" decoding=\"async\" width=\"150\" height=\"150\" src=\"https:\/\/www.smardesskola.lv\/wp-content\/uploads\/2024\/12\/470778980_599715472416522_4818698904521242151_n-150x150.jpg\" class=\"attachment-thumbnail size-thumbnail wp-post-image\" alt=\"Ziemassv\u0113tku pas\u0101kums\" style=\"\" \/><\/div><a class=\"wp-block-latest-posts__post-title\" href=\"https:\/\/www.smardesskola.lv\/?p=2410\">Ziemassv\u0113tki skol\u0101<\/a><div class=\"wp-block-latest-posts__post-excerpt\">Skol\u0101 aizvad\u012bti Ziemassv\u0113tku ieska\u0146as pas\u0101kumi! Paldies visiem skol\u0113niem un darbiniekiem par to tap\u0161anu! Ziemassv\u0113tku st\u0101sti skat\u012bt\u0101jus aizveda gan r\u016b\u0137u pasaul\u0113, gan zin\u0101maj\u0101 pasak\u0101 par Spr\u012bd\u012bti, \u0161oreiz &#8211; vi\u0146a ziemas ce\u013cojum\u0101 -, lai m\u0113s visi non\u0101ktu pie atzi\u0146as &#8211; m\u0101j\u0101s un kop\u0101 b\u016bt ir visliel\u0101k\u0101 d\u0101vana. \u012apa\u0161s paldies: kla\u0161u audzin\u0101t\u0101jiem un vi\u0146u pal\u012bgiem Solveigai Imbovicai, Ritai<a class=\"moretag\" href=\"https:\/\/www.smardesskola.lv\/?p=2410\"> Las\u012bt vair\u0101k&#8230;<\/a><\/div><\/li>\n<li><div class=\"wp-block-latest-posts__featured-image alignleft\"><img loading=\"lazy\" decoding=\"async\" width=\"150\" height=\"150\" src=\"https:\/\/www.smardesskola.lv\/wp-content\/uploads\/2024\/10\/parg22-150x150.jpg\" class=\"attachment-thumbnail size-thumbnail wp-post-image\" alt=\"Skol\u0113ni pie Sm\u0101rdes vec\u0101s skolas\" style=\"\" \/><\/div><a class=\"wp-block-latest-posts__post-title\" href=\"https:\/\/www.smardesskola.lv\/?p=2214\">Skolas jubilejas p\u0101rg\u0101jiens 2024<\/a><div class=\"wp-block-latest-posts__post-excerpt\">Par godu skolas 104.jubilejai un ce\u013c\u0101 uz 105.gadsk\u0101rtu tika organiz\u0113ts skolas p\u0101rg\u0101jiens ar uzdevumiem Sm\u0101rd\u0113 un t\u0101s apk\u0101rtn\u0113.<\/div><\/li>\n<li><div class=\"wp-block-latest-posts__featured-image alignleft\"><img loading=\"lazy\" decoding=\"async\" width=\"150\" height=\"150\" src=\"https:\/\/www.smardesskola.lv\/wp-content\/uploads\/2024\/10\/460462955_535812382140165_7779341102248178464_n-150x150.jpg\" class=\"attachment-thumbnail size-thumbnail wp-post-image\" alt=\"laure\u0101ti\" style=\"\" \/><\/div><a class=\"wp-block-latest-posts__post-title\" href=\"https:\/\/www.smardesskola.lv\/?p=2177\">Sporta diena 2024<\/a><div class=\"wp-block-latest-posts__post-excerpt\">Ieskats skolas jubilejas tradicion\u0101laj\u0101s vieglatl\u0113tikas sacens\u012bb\u0101s.<\/div><\/li>\n<li><div class=\"wp-block-latest-posts__featured-image alignleft\"><img loading=\"lazy\" decoding=\"async\" width=\"150\" height=\"150\" src=\"https:\/\/www.smardesskola.lv\/wp-content\/uploads\/2023\/10\/AF_6926-150x150.jpg\" class=\"attachment-thumbnail size-thumbnail wp-post-image\" alt=\"Skol\u0113ni\" style=\"\" \/><\/div><a class=\"wp-block-latest-posts__post-title\" href=\"https:\/\/www.smardesskola.lv\/?p=1724\">Zin\u012bbu diena 2023<\/a><div class=\"wp-block-latest-posts__post-excerpt\">Ieskaties Zin\u012bbu dienas noris\u0113 pirmsskolas un skolas pas\u0101kumos 2023.\/2024.m.g.!<\/div><\/li>\n<li><div class=\"wp-block-latest-posts__featured-image alignleft\"><img loading=\"lazy\" decoding=\"async\" width=\"150\" height=\"150\" src=\"https:\/\/www.smardesskola.lv\/wp-content\/uploads\/2023\/01\/zsv1-150x150.jpg\" class=\"attachment-thumbnail size-thumbnail wp-post-image\" alt=\"Dejot\u0101ji\" style=\"\" \/><\/div><a class=\"wp-block-latest-posts__post-title\" href=\"https:\/\/www.smardesskola.lv\/?p=1219\">Ziemassv\u0113tki 2022<\/a><div class=\"wp-block-latest-posts__post-excerpt\">Atskatoties uz 1.semestr\u012b paveikto, kop\u0101 svin\u0113j\u0101m Ziemassv\u0113tkus. <\/div><\/li>\n<li><div class=\"wp-block-latest-posts__featured-image alignleft\"><img loading=\"lazy\" decoding=\"async\" width=\"150\" height=\"150\" src=\"https:\/\/www.smardesskola.lv\/wp-content\/uploads\/2023\/01\/18nov6-150x150.jpg\" class=\"attachment-thumbnail size-thumbnail wp-post-image\" alt=\"PIrmsskolas b\u0113rni tur rok\u0101s Latvijas karodzi\u0146us\" style=\"\" \/><\/div><a class=\"wp-block-latest-posts__post-title\" href=\"https:\/\/www.smardesskola.lv\/?p=1196\">Valsts sv\u0113tki skol\u0101 un pirmsskol\u0101 2022<\/a><div class=\"wp-block-latest-posts__post-excerpt\">K\u0101 katru gadu, ar\u012b \u0161ogad 18.novemrb\u012b svin\u012bgi tika atz\u012bm\u0113ta Latvijas Republikas proklam\u0113\u0161anas gadadiena.<\/div><\/li>\n<li><div class=\"wp-block-latest-posts__featured-image alignleft\"><img loading=\"lazy\" decoding=\"async\" width=\"150\" height=\"150\" src=\"https:\/\/www.smardesskola.lv\/wp-content\/uploads\/2023\/01\/305079885_192430483145025_9124010410513857865_n-150x150.jpg\" class=\"attachment-thumbnail size-thumbnail wp-post-image\" alt=\"P\u012bl\u0101d\u017ei\" style=\"\" \/><\/div><a class=\"wp-block-latest-posts__post-title\" href=\"https:\/\/www.smardesskola.lv\/?p=1136\">M\u0101c\u012bbu gads s\u0101kas sportiski (2022)<\/a><div class=\"wp-block-latest-posts__post-excerpt\">Gan skol\u0101, gan pirmsskolas grup\u0101s ir izveidojusies trad\u012bcija septembra s\u0101kum\u0101 organiz\u0113t sporta dienu. <\/div><\/li>\n<li><div class=\"wp-block-latest-posts__featured-image alignleft\"><img loading=\"lazy\" decoding=\"async\" width=\"150\" height=\"150\" src=\"https:\/\/www.smardesskola.lv\/wp-content\/uploads\/2023\/01\/302686326_192992863088787_6663868970886156506_n-150x150.jpg\" class=\"attachment-thumbnail size-thumbnail wp-post-image\" alt=\"No ziediem veidots skaitlis 102\" style=\"\" \/><\/div><a class=\"wp-block-latest-posts__post-title\" href=\"https:\/\/www.smardesskola.lv\/?p=1141\">Skolai 102<\/a><div class=\"wp-block-latest-posts__post-excerpt\">2022.gada 12.septembr\u012b svin\u0113j\u0101m skolas 102.dzim\u0161anas dienu. Daudz laimes!<\/div><\/li>\n<li><div class=\"wp-block-latest-posts__featured-image alignleft\"><img loading=\"lazy\" decoding=\"async\" width=\"150\" height=\"150\" src=\"https:\/\/www.smardesskola.lv\/wp-content\/uploads\/2022\/09\/EAF_9055-150x150.jpg\" class=\"attachment-thumbnail size-thumbnail wp-post-image\" alt=\"Skol\u0113ni iet g\u0101jien\u0101\" style=\"\" \/><\/div><a class=\"wp-block-latest-posts__post-title\" href=\"https:\/\/www.smardesskola.lv\/?p=997\">Zin\u012bbu diena skol\u0101 2022<\/a><div class=\"wp-block-latest-posts__post-excerpt\">2022.gada 1.septembr\u012b skolas saim\u0113 sirsn\u012bgi uz\u0146\u0113m\u0101m jaunos pirmklasniekus, sumin\u0101j\u0101m darba jubil\u0101rus un pateic\u0101mies tiem skolot\u0101jiem, kuru darbs vainagojies ar pan\u0101kumiem m\u0101c\u012bbu priek\u0161metu olimpi\u0101d\u0113s un konkursos.<\/div><\/li>\n<li><div class=\"wp-block-latest-posts__featured-image alignleft\"><img loading=\"lazy\" decoding=\"async\" width=\"150\" height=\"150\" src=\"https:\/\/www.smardesskola.lv\/wp-content\/uploads\/2022\/09\/EAF_9007-150x150.jpg\" class=\"attachment-thumbnail size-thumbnail wp-post-image\" alt=\"Sv\u0113tku pas\u0101kuma norise\" style=\"\" \/><\/div><a class=\"wp-block-latest-posts__post-title\" href=\"https:\/\/www.smardesskola.lv\/?p=995\">Zin\u012bbu diena 2022 pirmsskolas grup\u0101s<\/a><div class=\"wp-block-latest-posts__post-excerpt\">Pirmsskolas grupas 2022.gada 1.septembr\u012b tik\u0101s Bi\u0161u ielas 2 pagalm\u0101, lai kop\u0101 priec\u0101tos par satik\u0161anos.<\/div><\/li>\n<li><div class=\"wp-block-latest-posts__featured-image alignleft\"><img loading=\"lazy\" decoding=\"async\" width=\"150\" height=\"150\" src=\"https:\/\/www.smardesskola.lv\/wp-content\/uploads\/2022\/04\/dzelteni-Ezi-150x150.jpeg\" class=\"attachment-thumbnail size-thumbnail wp-post-image\" alt=\"Skol\u0113ni gu\u013c uz gr\u012bdas staru form\u0101\" style=\"\" \/><\/div><a class=\"wp-block-latest-posts__post-title\" href=\"https:\/\/www.smardesskola.lv\/?p=651\">Pirmsskolas notikumi 2022. gada apr\u012bl\u012b<\/a><div class=\"wp-block-latest-posts__post-excerpt\">2022. gada apr\u012blis pirmsskolas grup\u0101s bija kr\u0101sains un da\u017e\u0101diem notikumiem pilns &#8211; 1.apr\u012bl\u012b tika organiz\u0113ta netradicion\u0101lo t\u0113rpu modes skate, p\u0113c tam &#8211; kr\u0101sain\u0101 ned\u0113\u013ca un, protams, Lieldienas.<\/div><\/li>\n<li><div class=\"wp-block-latest-posts__featured-image alignleft\"><img loading=\"lazy\" decoding=\"async\" width=\"150\" height=\"150\" src=\"https:\/\/www.smardesskola.lv\/wp-content\/uploads\/2022\/03\/skola_nr2-3-150x150.jpg\" class=\"attachment-thumbnail size-thumbnail wp-post-image\" alt=\"Skol\u0113ni skrien sporta laukum\u0101\" style=\"\" \/><\/div><a class=\"wp-block-latest-posts__post-title\" href=\"https:\/\/www.smardesskola.lv\/?p=474\">Ziemas festiv\u0101ls 2022<\/a><div class=\"wp-block-latest-posts__post-excerpt\">Ziemas festiv\u0101l\u0101 skol\u0113ni individu\u0101li m\u0113roja da\u017e\u0101dus att\u0101lumus, k\u0101 ar\u012b tika organiz\u0113tas ziemas stafetes (foto LSFP).<\/div><\/li>\n<li><div class=\"wp-block-latest-posts__featured-image alignleft\"><img loading=\"lazy\" decoding=\"async\" width=\"150\" height=\"150\" src=\"https:\/\/www.smardesskola.lv\/wp-content\/uploads\/2022\/03\/nggallery_import\/240970635_10221322791793405_6336579282334376357_n-150x150.jpg\" class=\"attachment-thumbnail size-thumbnail wp-post-image\" alt=\"G\u0101jiens\" style=\"\" \/><\/div><a class=\"wp-block-latest-posts__post-title\" href=\"https:\/\/www.smardesskola.lv\/?p=286\">Zin\u012bbu diena 2021<\/a><div class=\"wp-block-latest-posts__post-excerpt\">2021.gada 1.septembr\u012b pulc\u0113j\u0101mies m\u016bsu m\u012b\u013c\u0101s skolas stadion\u0101, lai svin\u012bgi atkl\u0101tu jaun\u0101 m\u0101c\u012bbu gada s\u0101kumu.<\/div><\/li>\n<li><div class=\"wp-block-latest-posts__featured-image alignleft\"><img loading=\"lazy\" decoding=\"async\" width=\"150\" height=\"150\" src=\"https:\/\/www.smardesskola.lv\/wp-content\/uploads\/2022\/03\/nggallery_import\/8f3b926c-ae70-46d7-903a-ff40fa8dd8b4-150x150.jpg\" class=\"attachment-thumbnail size-thumbnail wp-post-image\" alt=\"Skolas \u0113ka pagalm\u0101\" style=\"\" \/><\/div><a class=\"wp-block-latest-posts__post-title\" href=\"https:\/\/www.smardesskola.lv\/?p=449\">Elv\u012bras Mahtes fotogr\u0101fijas<\/a><div class=\"wp-block-latest-posts__post-excerpt\">Paldies Elv\u012brai Mahtei par skolas iem\u016b\u017ein\u0101\u0161anu fotogr\u0101fij\u0101s 2021.gada rudens sezon\u0101!<\/div><\/li>\n<li><div class=\"wp-block-latest-posts__featured-image alignleft\"><img loading=\"lazy\" decoding=\"async\" width=\"150\" height=\"150\" src=\"https:\/\/www.smardesskola.lv\/wp-content\/uploads\/2022\/03\/nggallery_import\/IMG-4016-150x150.jpg\" class=\"attachment-thumbnail size-thumbnail wp-post-image\" alt=\"Skolas \u0113ka\" style=\"\" \/><\/div><a class=\"wp-block-latest-posts__post-title\" href=\"https:\/\/www.smardesskola.lv\/?p=432\">Skolas \u0113ka vasar\u0101<\/a><div class=\"wp-block-latest-posts__post-excerpt\">Skolas \u0113ka 2021.gada vasar\u0101.<\/div><\/li>\n<\/ul>\n\n\n<p><\/p>\n\n\n","protected":false},"excerpt":{"rendered":"","protected":false},"author":1,"featured_media":0,"parent":0,"menu_order":0,"comment_status":"closed","ping_status":"closed","template":"","meta":{"ngg_post_thumbnail":0,"footnotes":""},"class_list":["post-27","page","type-page","status-publish","hentry"],"_links":{"self":[{"href":"https:\/\/www.smardesskola.lv\/index.php?rest_route=\/wp\/v2\/pages\/27","targetHints":{"allow":["GET"]}}],"collection":[{"href":"https:\/\/www.smardesskola.lv\/index.php?rest_route=\/wp\/v2\/pages"}],"about":[{"href":"https:\/\/www.smardesskola.lv\/index.php?rest_route=\/wp\/v2\/types\/page"}],"author":[{"embeddable":true,"href":"https:\/\/www.smardesskola.lv\/index.php?rest_route=\/wp\/v2\/users\/1"}],"replies":[{"embeddable":true,"href":"https:\/\/www.smardesskola.lv\/index.php?rest_route=%2Fwp%2Fv2%2Fcomments&post=27"}],"version-history":[{"count":13,"href":"https:\/\/www.smardesskola.lv\/index.php?rest_route=\/wp\/v2\/pages\/27\/revisions"}],"predecessor-version":[{"id":993,"href":"https:\/\/www.smardesskola.lv\/index.php?rest_route=\/wp\/v2\/pages\/27\/revisions\/993"}],"wp:attachment":[{"href":"https:\/\/www.smardesskola.lv\/index.php?rest_route=%2Fwp%2Fv2%2Fmedia&parent=27"}],"curies":[{"name":"wp","href":"https:\/\/api.w.org\/{rel}","templated":true}]}}