{"id":28,"date":"2021-09-23T15:32:15","date_gmt":"2021-09-23T15:32:15","guid":{"rendered":"http:\/\/192.168.56.111\/?page_id=28"},"modified":"2026-01-29T11:59:58","modified_gmt":"2026-01-29T09:59:58","slug":"kontakti","status":"publish","type":"page","link":"https:\/\/www.smardesskola.lv\/?page_id=28","title":{"rendered":"Kontakti"},"content":{"rendered":"\n<figure class=\"wp-block-image size-large is-resized\"><img loading=\"lazy\" decoding=\"async\" width=\"1024\" height=\"837\" src=\"https:\/\/www.smardesskola.lv\/wp-content\/uploads\/2024\/07\/Uzlime-izgriezts-tikai-attels-245-x-3-cm-2-1024x837.png\" alt=\"logo\" class=\"wp-image-2004\" style=\"width:153px;height:auto\" srcset=\"https:\/\/www.smardesskola.lv\/wp-content\/uploads\/2024\/07\/Uzlime-izgriezts-tikai-attels-245-x-3-cm-2-1024x837.png 1024w, https:\/\/www.smardesskola.lv\/wp-content\/uploads\/2024\/07\/Uzlime-izgriezts-tikai-attels-245-x-3-cm-2-300x245.png 300w, https:\/\/www.smardesskola.lv\/wp-content\/uploads\/2024\/07\/Uzlime-izgriezts-tikai-attels-245-x-3-cm-2-768x628.png 768w, https:\/\/www.smardesskola.lv\/wp-content\/uploads\/2024\/07\/Uzlime-izgriezts-tikai-attels-245-x-3-cm-2.png 1048w\" sizes=\"auto, (max-width: 1024px) 100vw, 1024px\" \/><\/figure>\n\n\n\n<p>Sm\u0101rdes pamatskola, izgl\u012bt\u012bbas iest\u0101des re\u0123.nr. 4112900209<\/p>\n\n\n\n<p><\/p>\n\n\n\n<p><br>Adrese: &#8220;Sm\u0101rdes pamatskola&#8221;, Sm\u0101rde, Sm\u0101rdes pagasts, Tukuma novads, LV-3129<br>Mob.tel. 24207283, e-pasts: smardesskola@tukums.lv<\/p>\n\n\n\n<p><br><\/p>\n\n\n\n<p><strong><em>Direktore:<\/em><\/strong> Vivita Ponciusa<br>mob. tel. 29727938<br>e-pasts:&nbsp;<strong>vivita.ponciusa@tukums.lv<\/strong><\/p>\n\n\n\n<p><strong><em><br>Vietnieces:<\/em><\/strong><br>&#8211; Lita Celit\u0101ne izgl\u012bt\u012bbas jom\u0101<br>mob. tel.: 26194707<br>e-pasts:&nbsp;<strong>lita.celitane@tukums.lv<\/strong><\/p>\n\n\n\n<p>&#8211;&nbsp;Inga Reini\u0146a saimniecisk\u0101 darb\u0101<br>mob. tel.: 26416858<br>e-pasts: <strong>inga.reinina@tukums.lv<\/strong><\/p>\n\n\n\n<p>&#8211;\u00a0Zane \u010cilip\u0101ne izgl\u012bt\u012bbas jom\u0101 (audzin\u0101\u0161anas darbs)<br>mob. tel.: 26569100<br>e-pasts: <strong>zane.cilipane@tukums.lv<\/strong><br><br><strong><em>Lietvede:<\/em><\/strong> Lana Elviga<br>mob.tel. 24207283<br>e-pasts: <strong>lana.elviga@tukums.lv<\/strong><\/p>\n\n\n\n<p><br><\/p>\n\n\n\n<p><strong>Rekviz\u012bti:<\/strong><\/p>\n\n\n\n<p><em>Maks\u0101t\u0101js:<\/em><br><strong>Tukuma novada pa\u0161vald\u012bba<\/strong><br>Re\u0123istr\u0101cijas numurs: 90000050975<br>Juridisk\u0101 adrese: Talsu iela 4, Tukums, Tukuma novads<br>Banka: AS SWEDBANK<br>Nor\u0113\u0137inu konta Nr. LV17 HABA 0001 4020 4073 1<\/p>\n\n\n\n<p><em>Pakalpojuma sa\u0146\u0113m\u0113js:<\/em><br><strong>Sm\u0101rdes pamatskola<\/strong><br>Adrese: &#8220;Sm\u0101rdes pamatskola&#8221;, Sm\u0101rde, Sm\u0101rdes pagasts, Tukuma novads, LV-3129<\/p>\n\n\n\n<p>E-adrese: _DEFAULT@90001637096<\/p>\n\n\n\n<div style=\"height:60px\" aria-hidden=\"true\" class=\"wp-block-spacer\"><\/div>\n\n\n\n<p><strong>Iest\u0101des atra\u0161an\u0101s vieta<\/strong>:<\/p>\n\n\n\n<p>Sm\u0101rdes pamatskola atrodas Sm\u0101rdes ciemata centr\u0101. Nok\u013c\u016b\u0161anas iesp\u0113jas &#8211; k\u0101j\u0101m, ar person\u012bgo transportu vai vilcienu (mar\u0161ruts R\u012bga &#8211; Tukums II &#8211; R\u012bga; stacija Sm\u0101rde).<\/p>\n\n\n\n<p>\u0112k\u0101 ir iesp\u0113jams iek\u013c\u016bt person\u0101m ar kust\u012bbu trauc\u0113jumiem.<\/p>\n\n\n\n<figure class=\"wp-block-image size-large is-resized is-style-rounded\"><img loading=\"lazy\" decoding=\"async\" width=\"1024\" height=\"768\" src=\"http:\/\/www.smardesskola.lv\/wp-content\/uploads\/2022\/03\/IMG-4016-1024x768.jpg\" alt=\"Sm\u0101rdes pamatskolas ieeja\" class=\"wp-image-230\" style=\"width:381px;height:auto\" srcset=\"https:\/\/www.smardesskola.lv\/wp-content\/uploads\/2022\/03\/IMG-4016-1024x768.jpg 1024w, https:\/\/www.smardesskola.lv\/wp-content\/uploads\/2022\/03\/IMG-4016-300x225.jpg 300w, https:\/\/www.smardesskola.lv\/wp-content\/uploads\/2022\/03\/IMG-4016-768x576.jpg 768w, https:\/\/www.smardesskola.lv\/wp-content\/uploads\/2022\/03\/IMG-4016-1536x1152.jpg 1536w, https:\/\/www.smardesskola.lv\/wp-content\/uploads\/2022\/03\/IMG-4016-2048x1536.jpg 2048w\" sizes=\"auto, (max-width: 1024px) 100vw, 1024px\" \/><\/figure>\n\n\n\n<figure class=\"wp-block-image size-full is-resized is-style-default\"><img loading=\"lazy\" decoding=\"async\" width=\"815\" height=\"592\" src=\"http:\/\/www.smardesskola.lv\/wp-content\/uploads\/2024\/07\/Ekranuznemums-2024-07-26-183209.png\" alt=\"Karte\" class=\"wp-image-1884\" style=\"width:383px;height:auto\" srcset=\"https:\/\/www.smardesskola.lv\/wp-content\/uploads\/2024\/07\/Ekranuznemums-2024-07-26-183209.png 815w, https:\/\/www.smardesskola.lv\/wp-content\/uploads\/2024\/07\/Ekranuznemums-2024-07-26-183209-300x218.png 300w, https:\/\/www.smardesskola.lv\/wp-content\/uploads\/2024\/07\/Ekranuznemums-2024-07-26-183209-768x558.png 768w\" sizes=\"auto, (max-width: 815px) 100vw, 815px\" \/><\/figure>\n\n\n\n<p><\/p>\n","protected":false},"excerpt":{"rendered":"<p>Sm\u0101rdes pamatskola, izgl\u012bt\u012bbas iest\u0101des re\u0123.nr. 4112900209 Adrese: &#8220;Sm\u0101rdes pamatskola&#8221;, Sm\u0101rde, Sm\u0101rdes pagasts, Tukuma novads, LV-3129Mob.tel. 24207283, e-pasts: smardesskola@tukums.lv Direktore: Vivita Ponciusamob. tel. 29727938e-pasts:&nbsp;vivita.ponciusa@tukums.lv Vietnieces:&#8211; Lita Celit\u0101ne izgl\u012bt\u012bbas jom\u0101mob. tel.: 26194707e-pasts:&nbsp;lita.celitane@tukums.lv &#8211;&nbsp;Inga Reini\u0146a saimniecisk\u0101 darb\u0101mob. tel.: 26416858e-pasts: inga.reinina@tukums.lv &#8211;\u00a0Zane \u010cilip\u0101ne izgl\u012bt\u012bbas jom\u0101 (audzin\u0101\u0161anas darbs)mob. tel.: 26569100e-pasts: zane.cilipane@tukums.lv Lietvede: Lana Elvigamob.tel. 24207283e-pasts: lana.elviga@tukums.lv Rekviz\u012bti: Maks\u0101t\u0101js:Tukuma novada pa\u0161vald\u012bbaRe\u0123istr\u0101cijas<a class=\"moretag\" href=\"https:\/\/www.smardesskola.lv\/?page_id=28\"> Las\u012bt vair\u0101k&#8230;<\/a><\/p>\n","protected":false},"author":1,"featured_media":0,"parent":0,"menu_order":0,"comment_status":"closed","ping_status":"closed","template":"","meta":{"ngg_post_thumbnail":0,"footnotes":""},"class_list":["post-28","page","type-page","status-publish","hentry"],"_links":{"self":[{"href":"https:\/\/www.smardesskola.lv\/index.php?rest_route=\/wp\/v2\/pages\/28","targetHints":{"allow":["GET"]}}],"collection":[{"href":"https:\/\/www.smardesskola.lv\/index.php?rest_route=\/wp\/v2\/pages"}],"about":[{"href":"https:\/\/www.smardesskola.lv\/index.php?rest_route=\/wp\/v2\/types\/page"}],"author":[{"embeddable":true,"href":"https:\/\/www.smardesskola.lv\/index.php?rest_route=\/wp\/v2\/users\/1"}],"replies":[{"embeddable":true,"href":"https:\/\/www.smardesskola.lv\/index.php?rest_route=%2Fwp%2Fv2%2Fcomments&post=28"}],"version-history":[{"count":49,"href":"https:\/\/www.smardesskola.lv\/index.php?rest_route=\/wp\/v2\/pages\/28\/revisions"}],"predecessor-version":[{"id":2856,"href":"https:\/\/www.smardesskola.lv\/index.php?rest_route=\/wp\/v2\/pages\/28\/revisions\/2856"}],"wp:attachment":[{"href":"https:\/\/www.smardesskola.lv\/index.php?rest_route=%2Fwp%2Fv2%2Fmedia&parent=28"}],"curies":[{"name":"wp","href":"https:\/\/api.w.org\/{rel}","templated":true}]}}