{"id":495,"date":"2022-03-22T13:39:11","date_gmt":"2022-03-22T11:39:11","guid":{"rendered":"https:\/\/www.smardesskola.lv\/?page_id=495"},"modified":"2024-09-18T17:42:07","modified_gmt":"2024-09-18T15:42:07","slug":"skolas-prioritates","status":"publish","type":"page","link":"https:\/\/www.smardesskola.lv\/?page_id=495","title":{"rendered":"Skolas priorit\u0101tes"},"content":{"rendered":"\n<figure class=\"wp-block-image size-large is-resized is-style-rounded\"><img loading=\"lazy\" decoding=\"async\" width=\"1024\" height=\"768\" src=\"http:\/\/www.smardesskola.lv\/wp-content\/uploads\/2023\/04\/337150234_225789083317365_1397318321396244220_n-1024x768.jpg\" alt=\"Skol\u0113ni skat\u0101s j\u016br\u0101\" class=\"wp-image-1427\" style=\"width:472px;height:auto\" srcset=\"https:\/\/www.smardesskola.lv\/wp-content\/uploads\/2023\/04\/337150234_225789083317365_1397318321396244220_n-1024x768.jpg 1024w, https:\/\/www.smardesskola.lv\/wp-content\/uploads\/2023\/04\/337150234_225789083317365_1397318321396244220_n-300x225.jpg 300w, https:\/\/www.smardesskola.lv\/wp-content\/uploads\/2023\/04\/337150234_225789083317365_1397318321396244220_n-768x576.jpg 768w, https:\/\/www.smardesskola.lv\/wp-content\/uploads\/2023\/04\/337150234_225789083317365_1397318321396244220_n-1536x1152.jpg 1536w, https:\/\/www.smardesskola.lv\/wp-content\/uploads\/2023\/04\/337150234_225789083317365_1397318321396244220_n.jpg 2048w\" sizes=\"auto, (max-width: 1024px) 100vw, 1024px\" \/><figcaption class=\"wp-element-caption\">Foto no D. Kr\u0113sli\u0146as arh\u012bva<\/figcaption><\/figure>\n\n\n\n<div style=\"height:24px\" aria-hidden=\"true\" class=\"wp-block-spacer\"><\/div>\n\n\n\n<p class=\"has-vivid-green-cyan-color has-text-color has-link-color wp-elements-67c8e7f87d79e01db7ddd021d86716c1\"><strong><em>Soci\u0101li emocion\u0101l\u0101 m\u0101c\u012b\u0161an\u0101s.<\/em><\/strong><\/p>\n\n\n\n<figure class=\"wp-block-image size-full\"><img loading=\"lazy\" decoding=\"async\" width=\"643\" height=\"471\" src=\"http:\/\/www.smardesskola.lv\/wp-content\/uploads\/2022\/11\/Ekranuznemums-2022-11-22-132518.png\" alt=\"SEM modelis\" class=\"wp-image-1048\" srcset=\"https:\/\/www.smardesskola.lv\/wp-content\/uploads\/2022\/11\/Ekranuznemums-2022-11-22-132518.png 643w, https:\/\/www.smardesskola.lv\/wp-content\/uploads\/2022\/11\/Ekranuznemums-2022-11-22-132518-300x220.png 300w\" sizes=\"auto, (max-width: 643px) 100vw, 643px\" \/><\/figure>\n\n\n\n<p class=\"has-vivid-green-cyan-color has-text-color\"><\/p>\n\n\n\n<p><strong><em><a href=\"http:\/\/www.smardesskola.lv\/wp-content\/uploads\/2024\/09\/PRIORITASU-UN-MERKU-SASNIEGSANA-ATBILSTOSI-ATTISTIBAS-PLANAM-1.pdf\">Skolas darba priorit\u0101tes 2024.\/2025.m.g.<\/a><\/em><\/strong><\/p>\n\n\n\n<p><strong>Metodisk\u0101 darba uzdevumi<\/strong> <strong>2024.\/2025.m.g.<\/strong><\/p>\n\n\n\n<p>1.\u00a0\u00a0\u00a0\u00a0\u00a0\u00a0\u00a0\u00a0 Format\u012bv\u0101 v\u0113rt\u0113\u0161ana k\u0101 papildu atbalsts skol\u0113niem m\u0101c\u012bbu darba uzlabo\u0161an\u0101 un sava un citu snieguma izv\u0113rt\u0113\u0161an\u0101.<\/p>\n\n\n\n<p>2.&nbsp;&nbsp;&nbsp;&nbsp;&nbsp;&nbsp;&nbsp;&nbsp; Gatavo\u0161an\u0101s skolas 105.jubilejai&nbsp; &#8211; pilsonisk\u0101s l\u012bdzdal\u012bbas caurviju prasmes iedz\u012bvin\u0101\u0161ana.<\/p>\n","protected":false},"excerpt":{"rendered":"<p>Soci\u0101li emocion\u0101l\u0101 m\u0101c\u012b\u0161an\u0101s. Skolas darba priorit\u0101tes 2024.\/2025.m.g. Metodisk\u0101 darba uzdevumi 2024.\/2025.m.g. 1.\u00a0\u00a0\u00a0\u00a0\u00a0\u00a0\u00a0\u00a0 Format\u012bv\u0101 v\u0113rt\u0113\u0161ana k\u0101 papildu atbalsts skol\u0113niem m\u0101c\u012bbu darba uzlabo\u0161an\u0101 un sava un citu snieguma izv\u0113rt\u0113\u0161an\u0101. 2.&nbsp;&nbsp;&nbsp;&nbsp;&nbsp;&nbsp;&nbsp;&nbsp; Gatavo\u0161an\u0101s skolas 105.jubilejai&nbsp; &#8211; pilsonisk\u0101s l\u012bdzdal\u012bbas caurviju prasmes iedz\u012bvin\u0101\u0161ana.<\/p>\n","protected":false},"author":1,"featured_media":0,"parent":0,"menu_order":0,"comment_status":"closed","ping_status":"closed","template":"","meta":{"ngg_post_thumbnail":0,"footnotes":""},"class_list":["post-495","page","type-page","status-publish","hentry"],"_links":{"self":[{"href":"https:\/\/www.smardesskola.lv\/index.php?rest_route=\/wp\/v2\/pages\/495","targetHints":{"allow":["GET"]}}],"collection":[{"href":"https:\/\/www.smardesskola.lv\/index.php?rest_route=\/wp\/v2\/pages"}],"about":[{"href":"https:\/\/www.smardesskola.lv\/index.php?rest_route=\/wp\/v2\/types\/page"}],"author":[{"embeddable":true,"href":"https:\/\/www.smardesskola.lv\/index.php?rest_route=\/wp\/v2\/users\/1"}],"replies":[{"embeddable":true,"href":"https:\/\/www.smardesskola.lv\/index.php?rest_route=%2Fwp%2Fv2%2Fcomments&post=495"}],"version-history":[{"count":34,"href":"https:\/\/www.smardesskola.lv\/index.php?rest_route=\/wp\/v2\/pages\/495\/revisions"}],"predecessor-version":[{"id":2114,"href":"https:\/\/www.smardesskola.lv\/index.php?rest_route=\/wp\/v2\/pages\/495\/revisions\/2114"}],"wp:attachment":[{"href":"https:\/\/www.smardesskola.lv\/index.php?rest_route=%2Fwp%2Fv2%2Fmedia&parent=495"}],"curies":[{"name":"wp","href":"https:\/\/api.w.org\/{rel}","templated":true}]}}