{"id":58,"date":"2021-10-03T09:55:00","date_gmt":"2021-10-03T09:55:00","guid":{"rendered":"http:\/\/192.168.56.111\/?page_id=58"},"modified":"2025-06-30T12:05:24","modified_gmt":"2025-06-30T10:05:24","slug":"uznemsana","status":"publish","type":"page","link":"https:\/\/www.smardesskola.lv\/?page_id=58","title":{"rendered":"Uz\u0146em\u0161ana"},"content":{"rendered":"\n<figure class=\"wp-block-image size-large is-resized is-style-rounded\"><img loading=\"lazy\" decoding=\"async\" width=\"1024\" height=\"683\" src=\"https:\/\/www.smardesskola.lv\/wp-content\/uploads\/2024\/07\/EAF_9067-1024x683.jpg\" alt=\"Skol\u0113ni Zin\u012bbu dien\u0101 nes skolas karogu\" class=\"wp-image-1928\" style=\"width:436px;height:auto\" srcset=\"https:\/\/www.smardesskola.lv\/wp-content\/uploads\/2024\/07\/EAF_9067-1024x683.jpg 1024w, https:\/\/www.smardesskola.lv\/wp-content\/uploads\/2024\/07\/EAF_9067-300x200.jpg 300w, https:\/\/www.smardesskola.lv\/wp-content\/uploads\/2024\/07\/EAF_9067-768x512.jpg 768w, https:\/\/www.smardesskola.lv\/wp-content\/uploads\/2024\/07\/EAF_9067-1536x1024.jpg 1536w, https:\/\/www.smardesskola.lv\/wp-content\/uploads\/2024\/07\/EAF_9067-2048x1366.jpg 2048w\" sizes=\"auto, (max-width: 1024px) 100vw, 1024px\" \/><figcaption class=\"wp-element-caption\">Foto E.Andersons<\/figcaption><\/figure>\n\n\n\n<p class=\"has-small-font-size\"><em>Skola \u2013 tas nav nams.<\/em><\/p>\n\n\n\n<p class=\"has-small-font-size\"><em>Skola \u2013 gai\u0161ais debesjums.<\/em><\/p>\n\n\n\n<p class=\"has-small-font-size\"><em>\u0160odien mums,<\/em><\/p>\n\n\n\n<p class=\"has-small-font-size\"><em>R\u012btdien jums,<\/em><\/p>\n\n\n\n<p class=\"has-small-font-size\"><em>Un p\u0113c gadiem<\/em><\/p>\n\n\n\n<p class=\"has-small-font-size\"><em>Visiem, visiem mums.<\/em><\/p>\n\n\n\n<p class=\"has-small-font-size\">(<em>L. Liepdruviete<\/em>)<\/p>\n\n\n\n<div style=\"height:23px\" aria-hidden=\"true\" class=\"wp-block-spacer\"><\/div>\n\n\n\n<p class=\"has-vivid-green-cyan-color has-text-color\"><strong>Sm\u0101rdes pamatskol\u0101 tiek \u012bstenotas divas izgl\u012bt\u012bbas programmas: <\/strong><br>pamatizgl\u012bt\u012bbas programma (kods 21011111);<br>speci\u0101l\u0101s pamatizgl\u012bt\u012bbas programma skol\u0113niem ar m\u0101c\u012b\u0161an\u0101s trauc\u0113jumiem (kods 21015611).<\/p>\n\n\n\n<div style=\"height:20px\" aria-hidden=\"true\" class=\"wp-block-spacer\"><\/div>\n\n\n\n<p class=\"has-vivid-green-cyan-color has-text-color\"><strong>Skol\u0113nu uz\u0146em\u0161ana 1.klas\u0113<\/strong><\/p>\n\n\n\n<p>Skol\u0113nu uz\u0146em\u0161ana 1.klas\u0113 2025.\/2026.m.g. ilgst no 10. marta l\u012bdz 10. apr\u012blim. Nepiecie\u0161am\u012bbas gad\u012bjum\u0101 sazin\u0101ties ar lietvedi Lanu Elvigu, tel. 24207283, e-pasts smardesskola@tukums.lv<\/p>\n\n\n\n<p class=\"has-vivid-green-cyan-color has-text-color has-link-color wp-elements-83adc76a7011ad8390d4a573196d125c\"><strong>Skol\u0113nu uz\u0146em\u0161ana cit\u0101s klas\u0113s<\/strong><\/p>\n\n\n\n<p>Sm\u0101rdes skol\u0101 gaid\u012bti ar\u012b citu kla\u0161u skol\u0113ni. Lai p\u0101rrun\u0101tu iesp\u0113jas un iesniegtu dokumentus b\u0113rna uz\u0146em\u0161anai 2.-9.klas\u0113, vec\u0101kiem l\u016bdzam iepriek\u0161 sazin\u0101ties ar lietvedi Lanu Elvigu, tel. 24207283, e-pasts smardesskola@tukums.lv<\/p>\n\n\n\n<p><\/p>\n","protected":false},"excerpt":{"rendered":"<p>Skola \u2013 tas nav nams. Skola \u2013 gai\u0161ais debesjums. \u0160odien mums, R\u012btdien jums, Un p\u0113c gadiem Visiem, visiem mums. (L. Liepdruviete) Sm\u0101rdes pamatskol\u0101 tiek \u012bstenotas divas izgl\u012bt\u012bbas programmas: pamatizgl\u012bt\u012bbas programma (kods 21011111);speci\u0101l\u0101s pamatizgl\u012bt\u012bbas programma skol\u0113niem ar m\u0101c\u012b\u0161an\u0101s trauc\u0113jumiem (kods 21015611). Skol\u0113nu uz\u0146em\u0161ana 1.klas\u0113 Skol\u0113nu uz\u0146em\u0161ana 1.klas\u0113 2025.\/2026.m.g. ilgst no 10. marta l\u012bdz 10. apr\u012blim. Nepiecie\u0161am\u012bbas<a class=\"moretag\" href=\"https:\/\/www.smardesskola.lv\/?page_id=58\"> Las\u012bt vair\u0101k&#8230;<\/a><\/p>\n","protected":false},"author":1,"featured_media":0,"parent":0,"menu_order":0,"comment_status":"closed","ping_status":"closed","template":"","meta":{"ngg_post_thumbnail":0,"footnotes":""},"class_list":["post-58","page","type-page","status-publish","hentry"],"_links":{"self":[{"href":"https:\/\/www.smardesskola.lv\/index.php?rest_route=\/wp\/v2\/pages\/58","targetHints":{"allow":["GET"]}}],"collection":[{"href":"https:\/\/www.smardesskola.lv\/index.php?rest_route=\/wp\/v2\/pages"}],"about":[{"href":"https:\/\/www.smardesskola.lv\/index.php?rest_route=\/wp\/v2\/types\/page"}],"author":[{"embeddable":true,"href":"https:\/\/www.smardesskola.lv\/index.php?rest_route=\/wp\/v2\/users\/1"}],"replies":[{"embeddable":true,"href":"https:\/\/www.smardesskola.lv\/index.php?rest_route=%2Fwp%2Fv2%2Fcomments&post=58"}],"version-history":[{"count":25,"href":"https:\/\/www.smardesskola.lv\/index.php?rest_route=\/wp\/v2\/pages\/58\/revisions"}],"predecessor-version":[{"id":2610,"href":"https:\/\/www.smardesskola.lv\/index.php?rest_route=\/wp\/v2\/pages\/58\/revisions\/2610"}],"wp:attachment":[{"href":"https:\/\/www.smardesskola.lv\/index.php?rest_route=%2Fwp%2Fv2%2Fmedia&parent=58"}],"curies":[{"name":"wp","href":"https:\/\/api.w.org\/{rel}","templated":true}]}}