{"id":59,"date":"2021-10-03T09:55:00","date_gmt":"2021-10-03T09:55:00","guid":{"rendered":"http:\/\/192.168.56.111\/?page_id=59"},"modified":"2024-07-26T20:08:32","modified_gmt":"2024-07-26T18:08:32","slug":"akreditacija","status":"publish","type":"page","link":"https:\/\/www.smardesskola.lv\/?page_id=59","title":{"rendered":"Akredit\u0101cija"},"content":{"rendered":"\n<figure class=\"wp-block-image size-large is-resized\"><img loading=\"lazy\" decoding=\"async\" width=\"1024\" height=\"837\" src=\"http:\/\/www.smardesskola.lv\/wp-content\/uploads\/2024\/07\/Uzlime-izgriezts-tikai-attels-245-x-3-cm-2-1024x837.png\" alt=\"logo\" class=\"wp-image-2004\" style=\"width:189px;height:auto\" srcset=\"https:\/\/www.smardesskola.lv\/wp-content\/uploads\/2024\/07\/Uzlime-izgriezts-tikai-attels-245-x-3-cm-2-1024x837.png 1024w, https:\/\/www.smardesskola.lv\/wp-content\/uploads\/2024\/07\/Uzlime-izgriezts-tikai-attels-245-x-3-cm-2-300x245.png 300w, https:\/\/www.smardesskola.lv\/wp-content\/uploads\/2024\/07\/Uzlime-izgriezts-tikai-attels-245-x-3-cm-2-768x628.png 768w, https:\/\/www.smardesskola.lv\/wp-content\/uploads\/2024\/07\/Uzlime-izgriezts-tikai-attels-245-x-3-cm-2.png 1048w\" sizes=\"auto, (max-width: 1024px) 100vw, 1024px\" \/><\/figure>\n\n\n\n<p class=\"has-vivid-green-cyan-color has-text-color\"><strong>Izgl\u012bt\u012bbas programmas akredit\u0113tas l\u012bdz 11.02.2026.<\/strong><\/p>\n\n\n\n<p><em>2023. gada maij\u0101 \u012bstenota skolas direktora v\u0113rt\u0113\u0161ana.<\/em><\/p>\n\n\n\n<p><\/p>\n","protected":false},"excerpt":{"rendered":"<p>Izgl\u012bt\u012bbas programmas akredit\u0113tas l\u012bdz 11.02.2026. 2023. gada maij\u0101 \u012bstenota skolas direktora v\u0113rt\u0113\u0161ana.<\/p>\n","protected":false},"author":1,"featured_media":0,"parent":0,"menu_order":0,"comment_status":"closed","ping_status":"closed","template":"","meta":{"ngg_post_thumbnail":0,"footnotes":""},"class_list":["post-59","page","type-page","status-publish","hentry"],"_links":{"self":[{"href":"https:\/\/www.smardesskola.lv\/index.php?rest_route=\/wp\/v2\/pages\/59","targetHints":{"allow":["GET"]}}],"collection":[{"href":"https:\/\/www.smardesskola.lv\/index.php?rest_route=\/wp\/v2\/pages"}],"about":[{"href":"https:\/\/www.smardesskola.lv\/index.php?rest_route=\/wp\/v2\/types\/page"}],"author":[{"embeddable":true,"href":"https:\/\/www.smardesskola.lv\/index.php?rest_route=\/wp\/v2\/users\/1"}],"replies":[{"embeddable":true,"href":"https:\/\/www.smardesskola.lv\/index.php?rest_route=%2Fwp%2Fv2%2Fcomments&post=59"}],"version-history":[{"count":3,"href":"https:\/\/www.smardesskola.lv\/index.php?rest_route=\/wp\/v2\/pages\/59\/revisions"}],"predecessor-version":[{"id":2012,"href":"https:\/\/www.smardesskola.lv\/index.php?rest_route=\/wp\/v2\/pages\/59\/revisions\/2012"}],"wp:attachment":[{"href":"https:\/\/www.smardesskola.lv\/index.php?rest_route=%2Fwp%2Fv2%2Fmedia&parent=59"}],"curies":[{"name":"wp","href":"https:\/\/api.w.org\/{rel}","templated":true}]}}