{"id":769,"date":"2022-05-02T11:53:09","date_gmt":"2022-05-02T09:53:09","guid":{"rendered":"https:\/\/www.smardesskola.lv\/?page_id=769"},"modified":"2026-01-28T13:55:59","modified_gmt":"2026-01-28T11:55:59","slug":"vakances","status":"publish","type":"page","link":"https:\/\/www.smardesskola.lv\/?page_id=769","title":{"rendered":"Vakances"},"content":{"rendered":"\n<p><em>Pieteikties vai sa\u0146emt inform\u0101ciju par vakanc\u0113m aicin\u0101m:<\/em><\/p>\n\n\n\n<ul class=\"wp-block-list\">\n<li>direktore <em>Vivita Ponciusa<strong> <\/strong>(29727938), vivita.ponciusa@tukums.lv<\/em><\/li>\n<\/ul>\n\n\n\n<p>Aicin\u0101m darb\u0101:<\/p>\n\n\n\n<p><strong>M\u016aZIKAS SKOLOT\u0100JU PIRMSSKOLAS IZGL\u012aT\u012aBAS IEST\u0100D\u0112<\/strong> &#8211; slodze 0,5, alga saska\u0146\u0101 ar tarifik\u0101cju. Ir papildu iesp\u0113ja vad\u012bt intere\u0161u izgl\u012bt\u012bbas pilci\u0146u &#8211; 4 stundas ned\u0113\u013c\u0101.<\/p>\n\n\n\n<figure class=\"wp-block-embed is-type-rich is-provider-canva wp-block-embed-canva\"><div class=\"wp-block-embed__wrapper\">\n<iframe loading=\"lazy\" title=\"School Musical Try-Outs School Poster\" src=\"https:\/\/www.canva.com\/design\/DAG-2GUc6WU\/mW5JHg8s1XYuIXMCp_K1Tw\/view?embed&amp;meta\" height=\"905\" width=\"640\" style=\"border: none; border-radius: 8px; width: 640px; height: 905px;\" allowfullscreen=\"allowfullscreen\" allow=\"fullscreen\"><\/iframe>\n<\/div><\/figure>\n\n\n\n<p><strong>VIRTUVES DARBINIEKU<\/strong> UZ AIZVIETO\u0160ANAS LAIKU<\/p>\n\n\n\n<figure class=\"wp-block-embed is-type-rich is-provider-canva wp-block-embed-canva\"><div class=\"wp-block-embed__wrapper\">\n<iframe loading=\"lazy\" title=\"Mekl\u0113jam pav\u0101ra\" src=\"https:\/\/www.canva.com\/design\/DAG-9r5OIE4\/rgGMl_Bsjfvsf1-_pgLHag\/view?embed&amp;meta\" height=\"335\" width=\"640\" style=\"border: none; border-radius: 8px; width: 640px; height: 335px;\" allowfullscreen=\"allowfullscreen\" allow=\"fullscreen\"><\/iframe>\n<\/div><\/figure>\n\n\n\n<p><strong>\u0136\u012aMIJAS SKOLOT\u0100JU<\/strong><\/p>\n\n\n\n<p>Pied\u0101v\u0101jam 4 kontaktstundas (likme par slodzi 1600 EUR)<\/p>\n\n\n\n<figure class=\"wp-block-embed is-type-rich is-provider-canva wp-block-embed-canva\"><div class=\"wp-block-embed__wrapper\">\n<iframe loading=\"lazy\" title=\"Copy of Orange Back to School Event Flyer\" src=\"https:\/\/www.canva.com\/design\/DAG_s7UZO6g\/f7_SE8zoWpmsYcFwq-_3JQ\/view?embed&amp;meta\" height=\"905\" width=\"640\" style=\"border: none; border-radius: 8px; width: 640px; height: 905px;\" allowfullscreen=\"allowfullscreen\" allow=\"fullscreen\"><\/iframe>\n<\/div><\/figure>\n\n\n\n<p><strong>FIZIKAS UN IN\u017dENIERZIN\u012aBU SKOLOT\u0100JU<\/strong><\/p>\n\n\n\n<p>Pied\u0101v\u0101jam 5 kontaktstundas.<\/p>\n\n\n\n<figure class=\"wp-block-embed is-type-rich is-provider-canva wp-block-embed-canva\"><div class=\"wp-block-embed__wrapper\">\n<iframe loading=\"lazy\" title=\"Copy of Copy of Orange Back to School Event Flyer\" src=\"https:\/\/www.canva.com\/design\/DAG_s__REU8\/pJt1G07QVz1H8FPvZv75kA\/view?embed&amp;meta\" height=\"905\" width=\"640\" style=\"border: none; border-radius: 8px; width: 640px; height: 905px;\" allowfullscreen=\"allowfullscreen\" allow=\"fullscreen\"><\/iframe>\n<\/div><\/figure>\n\n\n\n<p><strong>ANG\u013bU VALODAS SKOLOT\u0100JU<\/strong><\/p>\n\n\n\n<p>Pied\u0101v\u0101jam pilnu slodzi (21 kontaktstunda, papildus veicami darbi), audzin\u0101mo klasi (ja ir v\u0113lme).<\/p>\n\n\n\n<p>Ja nepiecie\u0161ams, ir iesp\u0113ja vienoties par dienesta dz\u012bvokli Sm\u0101rd\u0113 vai pieteikties rind\u0101 uz jauno speci\u0101listu dz\u012bvok\u013ciem (l\u012bdz 6 gadiem) novad\u0101.<\/p>\n\n\n\n<p><strong>V\u0100CU VALODAS SKOLOT\u0100JU<\/strong><\/p>\n\n\n\n<p>Pied\u0101v\u0101jam 6 kontaktstundas.<\/p>\n","protected":false},"excerpt":{"rendered":"<p>Pieteikties vai sa\u0146emt inform\u0101ciju par vakanc\u0113m aicin\u0101m: Aicin\u0101m darb\u0101: M\u016aZIKAS SKOLOT\u0100JU PIRMSSKOLAS IZGL\u012aT\u012aBAS IEST\u0100D\u0112 &#8211; slodze 0,5, alga saska\u0146\u0101 ar tarifik\u0101cju. Ir papildu iesp\u0113ja vad\u012bt intere\u0161u izgl\u012bt\u012bbas pilci\u0146u &#8211; 4 stundas ned\u0113\u013c\u0101. VIRTUVES DARBINIEKU UZ AIZVIETO\u0160ANAS LAIKU \u0136\u012aMIJAS SKOLOT\u0100JU Pied\u0101v\u0101jam 4 kontaktstundas (likme par slodzi 1600 EUR) FIZIKAS UN IN\u017dENIERZIN\u012aBU SKOLOT\u0100JU Pied\u0101v\u0101jam 5 kontaktstundas. ANG\u013bU<a class=\"moretag\" href=\"https:\/\/www.smardesskola.lv\/?page_id=769\"> Las\u012bt vair\u0101k&#8230;<\/a><\/p>\n","protected":false},"author":1,"featured_media":0,"parent":0,"menu_order":0,"comment_status":"closed","ping_status":"closed","template":"","meta":{"ngg_post_thumbnail":0,"footnotes":""},"class_list":["post-769","page","type-page","status-publish","hentry"],"_links":{"self":[{"href":"https:\/\/www.smardesskola.lv\/index.php?rest_route=\/wp\/v2\/pages\/769","targetHints":{"allow":["GET"]}}],"collection":[{"href":"https:\/\/www.smardesskola.lv\/index.php?rest_route=\/wp\/v2\/pages"}],"about":[{"href":"https:\/\/www.smardesskola.lv\/index.php?rest_route=\/wp\/v2\/types\/page"}],"author":[{"embeddable":true,"href":"https:\/\/www.smardesskola.lv\/index.php?rest_route=\/wp\/v2\/users\/1"}],"replies":[{"embeddable":true,"href":"https:\/\/www.smardesskola.lv\/index.php?rest_route=%2Fwp%2Fv2%2Fcomments&post=769"}],"version-history":[{"count":68,"href":"https:\/\/www.smardesskola.lv\/index.php?rest_route=\/wp\/v2\/pages\/769\/revisions"}],"predecessor-version":[{"id":2814,"href":"https:\/\/www.smardesskola.lv\/index.php?rest_route=\/wp\/v2\/pages\/769\/revisions\/2814"}],"wp:attachment":[{"href":"https:\/\/www.smardesskola.lv\/index.php?rest_route=%2Fwp%2Fv2%2Fmedia&parent=769"}],"curies":[{"name":"wp","href":"https:\/\/api.w.org\/{rel}","templated":true}]}}